{"id":47910,"date":"2020-12-09T17:33:35","date_gmt":"2020-12-09T09:33:35","guid":{"rendered":"https:\/\/www.mobile-well.com\/?post_type=product&#038;p=47910"},"modified":"2020-12-09T17:33:38","modified_gmt":"2020-12-09T09:33:38","slug":"caja-del-telefono-movil-de-tpu-original-transparente-anti-caida-para-iphone12-iphone12mini","status":"publish","type":"product","link":"https:\/\/www.mobile-well.com\/es\/producto\/caja-del-telefono-movil-de-tpu-original-transparente-anti-caida-para-iphone12-iphone12mini\/","title":{"rendered":"Caja del tel\u00e9fono m\u00f3vil de TPU original transparente anti-ca\u00edda para iPhone12 \/ iPhone12mini"},"content":{"rendered":"","protected":false},"excerpt":{"rendered":"<ul>\n<li>Material: TPU<\/li>\n<li>Color: como cuadro<\/li>\n<li>MOQ: 50 piezas \/ modelo \/ color<\/li>\n<li>Modelo: Cont\u00e1ctenos r\u00e1pidamente para obtener la lista de modelos<\/li>\n<\/ul>\n","protected":false},"featured_media":47684,"template":"","meta":[],"product_brand":[],"product_cat":[77],"product_tag":[5130,6440,5756,6439],"class_list":{"0":"post-47910","1":"product","2":"type-product","3":"status-publish","4":"has-post-thumbnail","6":"product_cat-fundas","7":"product_tag-caja-del-telefono-movil","8":"product_tag-caja-del-telefono-movil-anti-caida","9":"product_tag-moq50","10":"product_tag-tpu-original-transparente","12":"first","13":"instock","14":"shipping-taxable","15":"product-type-simple"},"jetpack_sharing_enabled":true,"_links":{"self":[{"href":"https:\/\/www.mobile-well.com\/es\/wp-json\/wp\/v2\/product\/47910","targetHints":{"allow":["GET"]}}],"collection":[{"href":"https:\/\/www.mobile-well.com\/es\/wp-json\/wp\/v2\/product"}],"about":[{"href":"https:\/\/www.mobile-well.com\/es\/wp-json\/wp\/v2\/types\/product"}],"wp:featuredmedia":[{"embeddable":true,"href":"https:\/\/www.mobile-well.com\/es\/wp-json\/wp\/v2\/media\/47684"}],"wp:attachment":[{"href":"https:\/\/www.mobile-well.com\/es\/wp-json\/wp\/v2\/media?parent=47910"}],"wp:term":[{"taxonomy":"product_brand","embeddable":true,"href":"https:\/\/www.mobile-well.com\/es\/wp-json\/wp\/v2\/product_brand?post=47910"},{"taxonomy":"product_cat","embeddable":true,"href":"https:\/\/www.mobile-well.com\/es\/wp-json\/wp\/v2\/product_cat?post=47910"},{"taxonomy":"product_tag","embeddable":true,"href":"https:\/\/www.mobile-well.com\/es\/wp-json\/wp\/v2\/product_tag?post=47910"}],"curies":[{"name":"wp","href":"https:\/\/api.w.org\/{rel}","templated":true}]}}