{"id":47947,"date":"2020-12-09T17:59:23","date_gmt":"2020-12-09T09:59:23","guid":{"rendered":"https:\/\/www.mobile-well.com\/?post_type=product&#038;p=47947"},"modified":"2020-12-09T17:59:26","modified_gmt":"2020-12-09T09:59:26","slug":"funda-de-silicona-liquida-de-clase-alimentacion-con-suporte-iman-y-proteccion-completa","status":"publish","type":"product","link":"https:\/\/www.mobile-well.com\/es\/producto\/funda-de-silicona-liquida-de-clase-alimentacion-con-suporte-iman-y-proteccion-completa\/","title":{"rendered":"Funda De Silicona Liquida De Clase Alimentaci\u00f3n Con Suporte Im\u00e1n Y Protecci\u00f3n Completa"},"content":{"rendered":"","protected":false},"excerpt":{"rendered":"<ul>\n<li>Producto NO .: A06<\/li>\n<li>Precio unitario: US $ 2.00<\/li>\n<li>MOQ: modelo \u00fanico de un solo color 30<\/li>\n<li>Material: estado l\u00edquido<\/li>\n<li>Producto N.W: 61,6g<\/li>\n<li>Tama\u00f1o CTN: 60 * 45 * 33cm 500pcs \/ ctn 30.8kg<\/li>\n<\/ul>\n","protected":false},"featured_media":47950,"template":"","meta":[],"product_brand":[],"product_cat":[77],"product_tag":[6446,2724,6002,6447],"class_list":{"0":"post-47947","1":"product","2":"type-product","3":"status-publish","4":"has-post-thumbnail","6":"product_cat-fundas","7":"product_tag-funda-con-suporte-iman","8":"product_tag-funda-de-silicona-liquida","9":"product_tag-moq30","10":"product_tag-proteccion-completa","12":"first","13":"instock","14":"shipping-taxable","15":"product-type-simple"},"jetpack_sharing_enabled":true,"_links":{"self":[{"href":"https:\/\/www.mobile-well.com\/es\/wp-json\/wp\/v2\/product\/47947","targetHints":{"allow":["GET"]}}],"collection":[{"href":"https:\/\/www.mobile-well.com\/es\/wp-json\/wp\/v2\/product"}],"about":[{"href":"https:\/\/www.mobile-well.com\/es\/wp-json\/wp\/v2\/types\/product"}],"wp:featuredmedia":[{"embeddable":true,"href":"https:\/\/www.mobile-well.com\/es\/wp-json\/wp\/v2\/media\/47950"}],"wp:attachment":[{"href":"https:\/\/www.mobile-well.com\/es\/wp-json\/wp\/v2\/media?parent=47947"}],"wp:term":[{"taxonomy":"product_brand","embeddable":true,"href":"https:\/\/www.mobile-well.com\/es\/wp-json\/wp\/v2\/product_brand?post=47947"},{"taxonomy":"product_cat","embeddable":true,"href":"https:\/\/www.mobile-well.com\/es\/wp-json\/wp\/v2\/product_cat?post=47947"},{"taxonomy":"product_tag","embeddable":true,"href":"https:\/\/www.mobile-well.com\/es\/wp-json\/wp\/v2\/product_tag?post=47947"}],"curies":[{"name":"wp","href":"https:\/\/api.w.org\/{rel}","templated":true}]}}