{"id":48108,"date":"2020-12-18T16:36:51","date_gmt":"2020-12-18T08:36:51","guid":{"rendered":"https:\/\/www.mobile-well.com\/?post_type=product&#038;p=48108"},"modified":"2020-12-18T16:36:54","modified_gmt":"2020-12-18T08:36:54","slug":"tripode-funcional-multiple-para-telefono-movil-tableta-anillo-de-luz-de-relleno-led","status":"publish","type":"product","link":"https:\/\/www.mobile-well.com\/es\/producto\/tripode-funcional-multiple-para-telefono-movil-tableta-anillo-de-luz-de-relleno-led\/","title":{"rendered":"Tr\u00edpode funcional m\u00faltiple para tel\u00e9fono m\u00f3vil \/ tableta \/ anillo de luz de relleno LED"},"content":{"rendered":"","protected":false},"excerpt":{"rendered":"<ul>\n<li>Modelo: A31 (clip \u00fanico)<\/li>\n<li>Largo: 80cm \/ 160cm<\/li>\n<li>Materiales: ABS + PC + tubo inoxidable<\/li>\n<li>Tama\u00f1o del clip: m\u00ednimo 6 cm \/ 2,3 pulgadas, m\u00e1ximo 10 cm \/ 3,9 pulgadas<\/li>\n<li>Compatible con tel\u00e9fonos m\u00f3viles: 4.7 ~ 7.2 pulgadas<\/li>\n<li><\/li>\n<li>Modelo: A32 (dos clips)<\/li>\n<li>Largo: 80cm \/ 160cm<\/li>\n<li>Materiales: ABS + PC + tubo inoxidable<\/li>\n<li>Tama\u00f1o del clip: m\u00ednimo 6 cm \/ 2,3 pulgadas, m\u00e1ximo 10 cm \/ 3,9 pulgadas<\/li>\n<li>Compatible con tel\u00e9fonos m\u00f3viles y tabletas 4.7 ~ 15.6 pulgadas<\/li>\n<\/ul>\n","protected":false},"featured_media":48109,"template":"","meta":[],"product_brand":[],"product_cat":[1072],"product_tag":[6459,6460],"class_list":{"0":"post-48108","1":"product","2":"type-product","3":"status-publish","4":"has-post-thumbnail","6":"product_cat-soporte","7":"product_tag-tripode","8":"product_tag-tripode-funcional-multiple","10":"first","11":"instock","12":"shipping-taxable","13":"product-type-simple"},"jetpack_sharing_enabled":true,"_links":{"self":[{"href":"https:\/\/www.mobile-well.com\/es\/wp-json\/wp\/v2\/product\/48108","targetHints":{"allow":["GET"]}}],"collection":[{"href":"https:\/\/www.mobile-well.com\/es\/wp-json\/wp\/v2\/product"}],"about":[{"href":"https:\/\/www.mobile-well.com\/es\/wp-json\/wp\/v2\/types\/product"}],"wp:featuredmedia":[{"embeddable":true,"href":"https:\/\/www.mobile-well.com\/es\/wp-json\/wp\/v2\/media\/48109"}],"wp:attachment":[{"href":"https:\/\/www.mobile-well.com\/es\/wp-json\/wp\/v2\/media?parent=48108"}],"wp:term":[{"taxonomy":"product_brand","embeddable":true,"href":"https:\/\/www.mobile-well.com\/es\/wp-json\/wp\/v2\/product_brand?post=48108"},{"taxonomy":"product_cat","embeddable":true,"href":"https:\/\/www.mobile-well.com\/es\/wp-json\/wp\/v2\/product_cat?post=48108"},{"taxonomy":"product_tag","embeddable":true,"href":"https:\/\/www.mobile-well.com\/es\/wp-json\/wp\/v2\/product_tag?post=48108"}],"curies":[{"name":"wp","href":"https:\/\/api.w.org\/{rel}","templated":true}]}}