{"id":48165,"date":"2020-12-23T15:51:00","date_gmt":"2020-12-23T07:51:00","guid":{"rendered":"https:\/\/www.mobile-well.com\/?post_type=product&#038;p=48165"},"modified":"2020-12-23T15:51:04","modified_gmt":"2020-12-23T07:51:04","slug":"banda-deportiva-anti-agua-anti-sudor-de-iwatch-para-damas-y-cabellos-tamano-38mm-40mm-42mm-44mm","status":"publish","type":"product","link":"https:\/\/www.mobile-well.com\/es\/producto\/banda-deportiva-anti-agua-anti-sudor-de-iwatch-para-damas-y-cabellos-tamano-38mm-40mm-42mm-44mm\/","title":{"rendered":"Banda Deportiva Ant\u00ed-\u00e1gua Ant\u00ed-Sudor DE iwatch Para Damas Y Cabellos Tama\u00f1o 38mm\/40mm\/42mm\/44mm"},"content":{"rendered":"","protected":false},"excerpt":{"rendered":"<ul>\n<li>Nombre: correa de alta transparencia<\/li>\n<li>Material: materias primas de Bayer<\/li>\n<li>Color: Negro \/ Claro \/ Amarillo transparente \/ Naranja transparente \/ Verde transparente \/ Rosa transparente<\/li>\n<li>Tama\u00f1o: 38 mm \/ 40 mm \/ 42 mm \/ 44 mm<\/li>\n<li>Posici\u00f3n del agujero: 11<\/li>\n<\/ul>\n","protected":false},"featured_media":48172,"template":"","meta":[],"product_brand":[],"product_cat":[467],"product_tag":[6464,6465,6466],"class_list":{"0":"post-48165","1":"product","2":"type-product","3":"status-publish","4":"has-post-thumbnail","6":"product_cat-gadgets-2","7":"product_tag-anti-agua","8":"product_tag-anti-sudor","9":"product_tag-banda-deportiva-de-iwatch","11":"first","12":"instock","13":"shipping-taxable","14":"product-type-simple"},"jetpack_sharing_enabled":true,"_links":{"self":[{"href":"https:\/\/www.mobile-well.com\/es\/wp-json\/wp\/v2\/product\/48165","targetHints":{"allow":["GET"]}}],"collection":[{"href":"https:\/\/www.mobile-well.com\/es\/wp-json\/wp\/v2\/product"}],"about":[{"href":"https:\/\/www.mobile-well.com\/es\/wp-json\/wp\/v2\/types\/product"}],"wp:featuredmedia":[{"embeddable":true,"href":"https:\/\/www.mobile-well.com\/es\/wp-json\/wp\/v2\/media\/48172"}],"wp:attachment":[{"href":"https:\/\/www.mobile-well.com\/es\/wp-json\/wp\/v2\/media?parent=48165"}],"wp:term":[{"taxonomy":"product_brand","embeddable":true,"href":"https:\/\/www.mobile-well.com\/es\/wp-json\/wp\/v2\/product_brand?post=48165"},{"taxonomy":"product_cat","embeddable":true,"href":"https:\/\/www.mobile-well.com\/es\/wp-json\/wp\/v2\/product_cat?post=48165"},{"taxonomy":"product_tag","embeddable":true,"href":"https:\/\/www.mobile-well.com\/es\/wp-json\/wp\/v2\/product_tag?post=48165"}],"curies":[{"name":"wp","href":"https:\/\/api.w.org\/{rel}","templated":true}]}}