{"id":49397,"date":"2021-01-27T17:00:32","date_gmt":"2021-01-27T09:00:32","guid":{"rendered":"https:\/\/www.mobile-well.com\/?post_type=product&#038;p=49397"},"modified":"2021-01-27T17:00:35","modified_gmt":"2021-01-27T09:00:35","slug":"49397","status":"publish","type":"product","link":"https:\/\/www.mobile-well.com\/es\/producto\/49397\/","title":{"rendered":"Cargador inal\u00e1mbrico r\u00e1pida de coche y casa con sensor gravedad Para iPhone\/Android"},"content":{"rendered":"","protected":false},"excerpt":{"rendered":"<ul>\n<li>Cargador inal\u00e1mbrico r\u00e1pida de coche y casa con sensor gravedad<\/li>\n<li>soporte de tel\u00e9fono con sujeci\u00f3n autom\u00e1tica<\/li>\n<li>panel de salpicadero, parabrisas de aire<\/li>\n<li>soporte de CD para iPh 12\/11\/ XS Max \/X\/ X\/8+, Android Sam S20+ S20 S10+ S10 S9+ S9 S8+<\/li>\n<\/ul>\n","protected":false},"featured_media":49416,"template":"","meta":[],"product_brand":[],"product_cat":[1072],"product_tag":[6539],"class_list":{"0":"post-49397","1":"product","2":"type-product","3":"status-publish","4":"has-post-thumbnail","6":"product_cat-soporte","7":"product_tag-cargador-inalambrico-rapida-de-coche","9":"first","10":"instock","11":"shipping-taxable","12":"product-type-simple"},"jetpack_sharing_enabled":true,"_links":{"self":[{"href":"https:\/\/www.mobile-well.com\/es\/wp-json\/wp\/v2\/product\/49397","targetHints":{"allow":["GET"]}}],"collection":[{"href":"https:\/\/www.mobile-well.com\/es\/wp-json\/wp\/v2\/product"}],"about":[{"href":"https:\/\/www.mobile-well.com\/es\/wp-json\/wp\/v2\/types\/product"}],"wp:featuredmedia":[{"embeddable":true,"href":"https:\/\/www.mobile-well.com\/es\/wp-json\/wp\/v2\/media\/49416"}],"wp:attachment":[{"href":"https:\/\/www.mobile-well.com\/es\/wp-json\/wp\/v2\/media?parent=49397"}],"wp:term":[{"taxonomy":"product_brand","embeddable":true,"href":"https:\/\/www.mobile-well.com\/es\/wp-json\/wp\/v2\/product_brand?post=49397"},{"taxonomy":"product_cat","embeddable":true,"href":"https:\/\/www.mobile-well.com\/es\/wp-json\/wp\/v2\/product_cat?post=49397"},{"taxonomy":"product_tag","embeddable":true,"href":"https:\/\/www.mobile-well.com\/es\/wp-json\/wp\/v2\/product_tag?post=49397"}],"curies":[{"name":"wp","href":"https:\/\/api.w.org\/{rel}","templated":true}]}}