{"id":49954,"date":"2021-03-11T17:52:27","date_gmt":"2021-03-11T09:52:27","guid":{"rendered":"https:\/\/www.mobile-well.com\/?post_type=product&#038;p=49954"},"modified":"2021-03-11T17:52:30","modified_gmt":"2021-03-11T09:52:30","slug":"sms-zb06-tripode-para-telefono-soporte-de-expansion-libre-de-70-210-cm","status":"publish","type":"product","link":"https:\/\/www.mobile-well.com\/es\/producto\/sms-zb06-tripode-para-telefono-soporte-de-expansion-libre-de-70-210-cm\/","title":{"rendered":"SMS-ZB06 Tr\u00edpode para tel\u00e9fono ,soporte de expansi\u00f3n libre de 70 ~ 210 cm"},"content":{"rendered":"","protected":false},"excerpt":{"rendered":"<ul>\n<li>Nombre: tr\u00edpode<\/li>\n<li>Modelo: SMS-ZB06<\/li>\n<li>Altura m\u00e1xima: 210 cm<\/li>\n<li>Altura m\u00ednima: 70cm.<\/li>\n<li>Altura del pliegue: 68 cm<\/li>\n<li>Material del portal\u00e1mparas: aleaci\u00f3n de aluminio<\/li>\n<li>Secciones: 3<\/li>\n<\/ul>\n","protected":false},"featured_media":49983,"template":"","meta":[],"product_brand":[],"product_cat":[1072],"product_tag":[6577,6459,6576],"class_list":{"0":"post-49954","1":"product","2":"type-product","3":"status-publish","4":"has-post-thumbnail","6":"product_cat-soporte","7":"product_tag-en-stock","8":"product_tag-tripode","9":"product_tag-tripode-para-telefono","11":"first","12":"instock","13":"shipping-taxable","14":"product-type-simple"},"jetpack_sharing_enabled":true,"_links":{"self":[{"href":"https:\/\/www.mobile-well.com\/es\/wp-json\/wp\/v2\/product\/49954","targetHints":{"allow":["GET"]}}],"collection":[{"href":"https:\/\/www.mobile-well.com\/es\/wp-json\/wp\/v2\/product"}],"about":[{"href":"https:\/\/www.mobile-well.com\/es\/wp-json\/wp\/v2\/types\/product"}],"wp:featuredmedia":[{"embeddable":true,"href":"https:\/\/www.mobile-well.com\/es\/wp-json\/wp\/v2\/media\/49983"}],"wp:attachment":[{"href":"https:\/\/www.mobile-well.com\/es\/wp-json\/wp\/v2\/media?parent=49954"}],"wp:term":[{"taxonomy":"product_brand","embeddable":true,"href":"https:\/\/www.mobile-well.com\/es\/wp-json\/wp\/v2\/product_brand?post=49954"},{"taxonomy":"product_cat","embeddable":true,"href":"https:\/\/www.mobile-well.com\/es\/wp-json\/wp\/v2\/product_cat?post=49954"},{"taxonomy":"product_tag","embeddable":true,"href":"https:\/\/www.mobile-well.com\/es\/wp-json\/wp\/v2\/product_tag?post=49954"}],"curies":[{"name":"wp","href":"https:\/\/api.w.org\/{rel}","templated":true}]}}