{"id":50042,"date":"2021-03-13T16:01:02","date_gmt":"2021-03-13T08:01:02","guid":{"rendered":"https:\/\/www.mobile-well.com\/?post_type=product&#038;p=50042"},"modified":"2021-03-13T16:01:06","modified_gmt":"2021-03-13T08:01:06","slug":"sms-bt01-cable-usb-de-dato-cargando-rapido-de-3-1a-en-tpe-compatible-para-tablets","status":"publish","type":"product","link":"https:\/\/www.mobile-well.com\/es\/producto\/sms-bt01-cable-usb-de-dato-cargando-rapido-de-3-1a-en-tpe-compatible-para-tablets\/","title":{"rendered":"SMS-BT01 Cable USB De Dato Cargando R\u00e1pido De 3.1A En TPE Compatible Para Tablets"},"content":{"rendered":"","protected":false},"excerpt":{"rendered":"<ul>\n<li>Modelo: SMS-BT01<\/li>\n<li>Salida: 3,1 A m\u00e1x.<\/li>\n<li>Material: TPE<\/li>\n<li>Carga r\u00e1pida y transmisi\u00f3n r\u00e1pida<\/li>\n<\/ul>\n","protected":false},"featured_media":50049,"template":"","meta":[],"product_brand":[],"product_cat":[586],"product_tag":[3786,6582,6581,4151],"class_list":{"0":"post-50042","1":"product","2":"type-product","3":"status-publish","4":"has-post-thumbnail","6":"product_cat-cables-usb","7":"product_tag-cable-usb","8":"product_tag-cable-usb-de-3-1a","9":"product_tag-cable-usb-de-dato","10":"product_tag-cable-usb-en-tpe","12":"first","13":"instock","14":"shipping-taxable","15":"product-type-simple"},"jetpack_sharing_enabled":true,"_links":{"self":[{"href":"https:\/\/www.mobile-well.com\/es\/wp-json\/wp\/v2\/product\/50042","targetHints":{"allow":["GET"]}}],"collection":[{"href":"https:\/\/www.mobile-well.com\/es\/wp-json\/wp\/v2\/product"}],"about":[{"href":"https:\/\/www.mobile-well.com\/es\/wp-json\/wp\/v2\/types\/product"}],"wp:featuredmedia":[{"embeddable":true,"href":"https:\/\/www.mobile-well.com\/es\/wp-json\/wp\/v2\/media\/50049"}],"wp:attachment":[{"href":"https:\/\/www.mobile-well.com\/es\/wp-json\/wp\/v2\/media?parent=50042"}],"wp:term":[{"taxonomy":"product_brand","embeddable":true,"href":"https:\/\/www.mobile-well.com\/es\/wp-json\/wp\/v2\/product_brand?post=50042"},{"taxonomy":"product_cat","embeddable":true,"href":"https:\/\/www.mobile-well.com\/es\/wp-json\/wp\/v2\/product_cat?post=50042"},{"taxonomy":"product_tag","embeddable":true,"href":"https:\/\/www.mobile-well.com\/es\/wp-json\/wp\/v2\/product_tag?post=50042"}],"curies":[{"name":"wp","href":"https:\/\/api.w.org\/{rel}","templated":true}]}}