{"id":50122,"date":"2021-03-13T17:08:32","date_gmt":"2021-03-13T09:08:32","guid":{"rendered":"https:\/\/www.mobile-well.com\/?post_type=product&#038;p=50122"},"modified":"2021-03-13T17:08:34","modified_gmt":"2021-03-13T09:08:34","slug":"sms-zb11-soporte-de-aleacion-de-aluminio-para-computadora-portatil-para-el-hogar-actividades-al-aire-libre","status":"publish","type":"product","link":"https:\/\/www.mobile-well.com\/es\/producto\/sms-zb11-soporte-de-aleacion-de-aluminio-para-computadora-portatil-para-el-hogar-actividades-al-aire-libre\/","title":{"rendered":"SMS-ZB11 Soporte de aleaci\u00f3n de aluminio para computadora port\u00e1til para el hogar, actividades al aire libre"},"content":{"rendered":"","protected":false},"excerpt":{"rendered":"<ul>\n<li>Modelo: SMS-ZB11<\/li>\n<li>Material: aleaci\u00f3n de aluminio + silicona<\/li>\n<li>Productos aplicables: computadora port\u00e1til, tableta, tel\u00e9fono m\u00f3vil, libro<\/li>\n<li>Ajuste de marcha: 12<\/li>\n<\/ul>\n","protected":false},"featured_media":50125,"template":"","meta":[],"product_brand":[],"product_cat":[1072],"product_tag":[6227,6588],"class_list":{"0":"post-50122","1":"product","2":"type-product","3":"status-publish","4":"has-post-thumbnail","6":"product_cat-soporte","7":"product_tag-soporte","8":"product_tag-soporte-de-aleacion-de-aluminio","10":"first","11":"instock","12":"shipping-taxable","13":"product-type-simple"},"jetpack_sharing_enabled":true,"_links":{"self":[{"href":"https:\/\/www.mobile-well.com\/es\/wp-json\/wp\/v2\/product\/50122","targetHints":{"allow":["GET"]}}],"collection":[{"href":"https:\/\/www.mobile-well.com\/es\/wp-json\/wp\/v2\/product"}],"about":[{"href":"https:\/\/www.mobile-well.com\/es\/wp-json\/wp\/v2\/types\/product"}],"wp:featuredmedia":[{"embeddable":true,"href":"https:\/\/www.mobile-well.com\/es\/wp-json\/wp\/v2\/media\/50125"}],"wp:attachment":[{"href":"https:\/\/www.mobile-well.com\/es\/wp-json\/wp\/v2\/media?parent=50122"}],"wp:term":[{"taxonomy":"product_brand","embeddable":true,"href":"https:\/\/www.mobile-well.com\/es\/wp-json\/wp\/v2\/product_brand?post=50122"},{"taxonomy":"product_cat","embeddable":true,"href":"https:\/\/www.mobile-well.com\/es\/wp-json\/wp\/v2\/product_cat?post=50122"},{"taxonomy":"product_tag","embeddable":true,"href":"https:\/\/www.mobile-well.com\/es\/wp-json\/wp\/v2\/product_tag?post=50122"}],"curies":[{"name":"wp","href":"https:\/\/api.w.org\/{rel}","templated":true}]}}