{"id":50598,"date":"2021-03-29T17:20:19","date_gmt":"2021-03-29T09:20:19","guid":{"rendered":"https:\/\/www.mobile-well.com\/?post_type=product&#038;p=50598"},"modified":"2021-03-29T17:20:22","modified_gmt":"2021-03-29T09:20:22","slug":"fundas-tpu-fibra-del-telefono-de-proteccion-de-la-camara-deslizante-para-iphone12-samsung-a10s","status":"publish","type":"product","link":"https:\/\/www.mobile-well.com\/es\/producto\/fundas-tpu-fibra-del-telefono-de-proteccion-de-la-camara-deslizante-para-iphone12-samsung-a10s\/","title":{"rendered":"Fundas TPU+ fibra del tel\u00e9fono de protecci\u00f3n de la c\u00e1mara deslizante para iPhone12\/Samsung A10S"},"content":{"rendered":"","protected":false},"excerpt":{"rendered":"<ul>\n<li>Producto NO .: A03<\/li>\n<li>Precio unitario: US $ 0.6<\/li>\n<li>MOQ: 50 piezas \/ modelo \/ color<\/li>\n<li>Material: TPU + franela<\/li>\n<li>Producto N.W: 41,1g<\/li>\n<li>Tama\u00f1o CTN: 60 * 45 * 33cm 500pcs \/ ctn 20.55kg<\/li>\n<\/ul>\n","protected":false},"featured_media":50596,"template":"","meta":[],"product_brand":[],"product_cat":[77],"product_tag":[1130,5756,6618],"class_list":{"0":"post-50598","1":"product","2":"type-product","3":"status-publish","4":"has-post-thumbnail","6":"product_cat-fundas","7":"product_tag-fundas-tpu","8":"product_tag-moq50","9":"product_tag-proteccion-de-la-camara-deslizante","11":"first","12":"instock","13":"shipping-taxable","14":"product-type-simple"},"jetpack_sharing_enabled":true,"_links":{"self":[{"href":"https:\/\/www.mobile-well.com\/es\/wp-json\/wp\/v2\/product\/50598","targetHints":{"allow":["GET"]}}],"collection":[{"href":"https:\/\/www.mobile-well.com\/es\/wp-json\/wp\/v2\/product"}],"about":[{"href":"https:\/\/www.mobile-well.com\/es\/wp-json\/wp\/v2\/types\/product"}],"wp:featuredmedia":[{"embeddable":true,"href":"https:\/\/www.mobile-well.com\/es\/wp-json\/wp\/v2\/media\/50596"}],"wp:attachment":[{"href":"https:\/\/www.mobile-well.com\/es\/wp-json\/wp\/v2\/media?parent=50598"}],"wp:term":[{"taxonomy":"product_brand","embeddable":true,"href":"https:\/\/www.mobile-well.com\/es\/wp-json\/wp\/v2\/product_brand?post=50598"},{"taxonomy":"product_cat","embeddable":true,"href":"https:\/\/www.mobile-well.com\/es\/wp-json\/wp\/v2\/product_cat?post=50598"},{"taxonomy":"product_tag","embeddable":true,"href":"https:\/\/www.mobile-well.com\/es\/wp-json\/wp\/v2\/product_tag?post=50598"}],"curies":[{"name":"wp","href":"https:\/\/api.w.org\/{rel}","templated":true}]}}