{"id":50801,"date":"2021-03-30T15:02:16","date_gmt":"2021-03-30T07:02:16","guid":{"rendered":"https:\/\/www.mobile-well.com\/?post_type=product&#038;p=50801"},"modified":"2021-03-30T15:02:20","modified_gmt":"2021-03-30T07:02:20","slug":"carcasa-de-silicona-para-galaxy-s21-diseno-de-labios-elevados-proteccion-de-pantalla-y-camara-proteccion-de-cuerpo-completo-con-diseno-grafico-uv","status":"publish","type":"product","link":"https:\/\/www.mobile-well.com\/es\/producto\/carcasa-de-silicona-para-galaxy-s21-diseno-de-labios-elevados-proteccion-de-pantalla-y-camara-proteccion-de-cuerpo-completo-con-diseno-grafico-uv\/","title":{"rendered":"Carcasa de silicona para Galaxy S21, dise\u00f1o de labios elevados, protecci\u00f3n de cuerpo completo, con dise\u00f1o gr\u00e1fico UV"},"content":{"rendered":"","protected":false},"excerpt":{"rendered":"<ul>\n<li>Producto NO .: A17<\/li>\n<li>Precio unitario: US $ 0.67<\/li>\n<li>MOQ: 200 piezas \/ modelo, 50 piezas \/ color<\/li>\n<li>Material: TPU<\/li>\n<li>Producto N.W: 29,6g<\/li>\n<li>Tama\u00f1o CTN: 60 * 45 * 33 cm 500 piezas \/ caja 14,8 kg<\/li>\n<\/ul>\n","protected":false},"featured_media":50806,"template":"","meta":[],"product_brand":[],"product_cat":[77],"product_tag":[6598,6628,6627,5761],"class_list":{"0":"post-50801","1":"product","2":"type-product","3":"status-publish","4":"has-post-thumbnail","6":"product_cat-fundas","7":"product_tag-carcasa","8":"product_tag-carcasa-con-diseno-grafico-uv","9":"product_tag-carcasa-de-silicona","10":"product_tag-moq200","12":"first","13":"instock","14":"shipping-taxable","15":"product-type-simple"},"jetpack_sharing_enabled":true,"_links":{"self":[{"href":"https:\/\/www.mobile-well.com\/es\/wp-json\/wp\/v2\/product\/50801","targetHints":{"allow":["GET"]}}],"collection":[{"href":"https:\/\/www.mobile-well.com\/es\/wp-json\/wp\/v2\/product"}],"about":[{"href":"https:\/\/www.mobile-well.com\/es\/wp-json\/wp\/v2\/types\/product"}],"wp:featuredmedia":[{"embeddable":true,"href":"https:\/\/www.mobile-well.com\/es\/wp-json\/wp\/v2\/media\/50806"}],"wp:attachment":[{"href":"https:\/\/www.mobile-well.com\/es\/wp-json\/wp\/v2\/media?parent=50801"}],"wp:term":[{"taxonomy":"product_brand","embeddable":true,"href":"https:\/\/www.mobile-well.com\/es\/wp-json\/wp\/v2\/product_brand?post=50801"},{"taxonomy":"product_cat","embeddable":true,"href":"https:\/\/www.mobile-well.com\/es\/wp-json\/wp\/v2\/product_cat?post=50801"},{"taxonomy":"product_tag","embeddable":true,"href":"https:\/\/www.mobile-well.com\/es\/wp-json\/wp\/v2\/product_tag?post=50801"}],"curies":[{"name":"wp","href":"https:\/\/api.w.org\/{rel}","templated":true}]}}