{"id":50822,"date":"2021-03-30T15:15:18","date_gmt":"2021-03-30T07:15:18","guid":{"rendered":"https:\/\/www.mobile-well.com\/?post_type=product&#038;p=50822"},"modified":"2021-03-30T15:15:20","modified_gmt":"2021-03-30T07:15:20","slug":"lampara-de-escritorio-led-con-cargador-inalambrico-control-tactil-puerto-de-carga-usb-lampara-de-mesa-de-proteccion-ocular-regulable-con-3-modos-de-iluminacion-lamparas-de-escritorio-para-oficina","status":"publish","type":"product","link":"https:\/\/www.mobile-well.com\/es\/producto\/lampara-de-escritorio-led-con-cargador-inalambrico-control-tactil-puerto-de-carga-usb-lampara-de-mesa-de-proteccion-ocular-regulable-con-3-modos-de-iluminacion-lamparas-de-escritorio-para-oficina\/","title":{"rendered":"L\u00e1mpara de escritorio LED con cargador inal\u00e1mbrico, , l\u00e1mparas de escritorio para oficina en casa"},"content":{"rendered":"","protected":false},"excerpt":{"rendered":"<ul>\n<li>L\u00e1mpara de escritorio LED con cargador inal\u00e1mbrico,<\/li>\n<li>control t\u00e1ctil,<\/li>\n<li>puerto de carga USB,<\/li>\n<li>l\u00e1mpara de mesa de protecci\u00f3n ocular regulable con 3 modos de iluminaci\u00f3n ,<\/li>\n<li>l\u00e1mparas de escritorio para oficina en casa<\/li>\n<\/ul>\n","protected":false},"featured_media":50827,"template":"","meta":[],"product_brand":[],"product_cat":[467],"product_tag":[6623,6629],"class_list":{"0":"post-50822","1":"product","2":"type-product","3":"status-publish","4":"has-post-thumbnail","6":"product_cat-gadgets-2","7":"product_tag-lampara-de-escritorio-led","8":"product_tag-lampara-de-escritorio-led-con-cargador-inalambrico","10":"first","11":"instock","12":"shipping-taxable","13":"product-type-simple"},"jetpack_sharing_enabled":true,"_links":{"self":[{"href":"https:\/\/www.mobile-well.com\/es\/wp-json\/wp\/v2\/product\/50822","targetHints":{"allow":["GET"]}}],"collection":[{"href":"https:\/\/www.mobile-well.com\/es\/wp-json\/wp\/v2\/product"}],"about":[{"href":"https:\/\/www.mobile-well.com\/es\/wp-json\/wp\/v2\/types\/product"}],"wp:featuredmedia":[{"embeddable":true,"href":"https:\/\/www.mobile-well.com\/es\/wp-json\/wp\/v2\/media\/50827"}],"wp:attachment":[{"href":"https:\/\/www.mobile-well.com\/es\/wp-json\/wp\/v2\/media?parent=50822"}],"wp:term":[{"taxonomy":"product_brand","embeddable":true,"href":"https:\/\/www.mobile-well.com\/es\/wp-json\/wp\/v2\/product_brand?post=50822"},{"taxonomy":"product_cat","embeddable":true,"href":"https:\/\/www.mobile-well.com\/es\/wp-json\/wp\/v2\/product_cat?post=50822"},{"taxonomy":"product_tag","embeddable":true,"href":"https:\/\/www.mobile-well.com\/es\/wp-json\/wp\/v2\/product_tag?post=50822"}],"curies":[{"name":"wp","href":"https:\/\/api.w.org\/{rel}","templated":true}]}}