{"id":50837,"date":"2021-03-30T15:22:03","date_gmt":"2021-03-30T07:22:03","guid":{"rendered":"https:\/\/www.mobile-well.com\/?post_type=product&#038;p=50837"},"modified":"2021-03-30T15:22:04","modified_gmt":"2021-03-30T07:22:04","slug":"50837","status":"publish","type":"product","link":"https:\/\/www.mobile-well.com\/es\/producto\/50837\/","title":{"rendered":"L\u00e1mpara de escritorio LED con cargador inal\u00e1mbrico,puerto de carga USB"},"content":{"rendered":"","protected":false},"excerpt":{"rendered":"<ul>\n<li>L\u00e1mpara de escritorio LED con cargador inal\u00e1mbrico,<\/li>\n<li>control t\u00e1ctil,<\/li>\n<li>puerto de carga USB,<\/li>\n<li>con organizador,<\/li>\n<li>l\u00e1mpara de mesa de protecci\u00f3n ocular regulable con 3 modos de iluminaci\u00f3n<\/li>\n<\/ul>\n","protected":false},"featured_media":50835,"template":"","meta":[],"product_brand":[],"product_cat":[467],"product_tag":[2037,6623],"class_list":{"0":"post-50837","1":"product","2":"type-product","3":"status-publish","4":"has-post-thumbnail","6":"product_cat-gadgets-2","7":"product_tag-cargador-inalambrico","8":"product_tag-lampara-de-escritorio-led","10":"first","11":"instock","12":"shipping-taxable","13":"product-type-simple"},"jetpack_sharing_enabled":true,"_links":{"self":[{"href":"https:\/\/www.mobile-well.com\/es\/wp-json\/wp\/v2\/product\/50837","targetHints":{"allow":["GET"]}}],"collection":[{"href":"https:\/\/www.mobile-well.com\/es\/wp-json\/wp\/v2\/product"}],"about":[{"href":"https:\/\/www.mobile-well.com\/es\/wp-json\/wp\/v2\/types\/product"}],"wp:featuredmedia":[{"embeddable":true,"href":"https:\/\/www.mobile-well.com\/es\/wp-json\/wp\/v2\/media\/50835"}],"wp:attachment":[{"href":"https:\/\/www.mobile-well.com\/es\/wp-json\/wp\/v2\/media?parent=50837"}],"wp:term":[{"taxonomy":"product_brand","embeddable":true,"href":"https:\/\/www.mobile-well.com\/es\/wp-json\/wp\/v2\/product_brand?post=50837"},{"taxonomy":"product_cat","embeddable":true,"href":"https:\/\/www.mobile-well.com\/es\/wp-json\/wp\/v2\/product_cat?post=50837"},{"taxonomy":"product_tag","embeddable":true,"href":"https:\/\/www.mobile-well.com\/es\/wp-json\/wp\/v2\/product_tag?post=50837"}],"curies":[{"name":"wp","href":"https:\/\/api.w.org\/{rel}","templated":true}]}}