{"id":50863,"date":"2021-03-31T14:27:20","date_gmt":"2021-03-31T06:27:20","guid":{"rendered":"https:\/\/www.mobile-well.com\/?post_type=product&#038;p=50863"},"modified":"2021-03-31T14:27:24","modified_gmt":"2021-03-31T06:27:24","slug":"50863","status":"publish","type":"product","link":"https:\/\/www.mobile-well.com\/es\/producto\/50863\/","title":{"rendered":"Auriculares inal\u00e1mbrico V5.0 para ni\u00f1os con orejas de gato plegable en la oreja est\u00e9reo inal\u00e1mbrico con micr\u00f3fono LED luz RGB"},"content":{"rendered":"","protected":false},"excerpt":{"rendered":"<ul>\n<li>Auriculares inal\u00e1mbrico V5.0 para ni\u00f1os con orejas de gato plegable en la oreja est\u00e9reo inal\u00e1mbrico con micr\u00f3fono LED luz RGB<\/li>\n<li>Tama\u00f1o de la caja: 71 * 47 * 87 CM, 26,7 kg\uff0c80Piezas<\/li>\n<\/ul>\n","protected":false},"featured_media":50864,"template":"","meta":[],"product_brand":[],"product_cat":[3017],"product_tag":[2233,6631,6595,6630,5979],"class_list":{"0":"post-50863","1":"product","2":"type-product","3":"status-publish","4":"has-post-thumbnail","6":"product_cat-auriculares","7":"product_tag-auriculares","8":"product_tag-auriculares-con-orejas-de-gato","9":"product_tag-auriculares-inalambrico","10":"product_tag-auriculares-inalambrico-v5-0","11":"product_tag-moq80","13":"first","14":"instock","15":"shipping-taxable","16":"product-type-simple"},"jetpack_sharing_enabled":true,"_links":{"self":[{"href":"https:\/\/www.mobile-well.com\/es\/wp-json\/wp\/v2\/product\/50863","targetHints":{"allow":["GET"]}}],"collection":[{"href":"https:\/\/www.mobile-well.com\/es\/wp-json\/wp\/v2\/product"}],"about":[{"href":"https:\/\/www.mobile-well.com\/es\/wp-json\/wp\/v2\/types\/product"}],"wp:featuredmedia":[{"embeddable":true,"href":"https:\/\/www.mobile-well.com\/es\/wp-json\/wp\/v2\/media\/50864"}],"wp:attachment":[{"href":"https:\/\/www.mobile-well.com\/es\/wp-json\/wp\/v2\/media?parent=50863"}],"wp:term":[{"taxonomy":"product_brand","embeddable":true,"href":"https:\/\/www.mobile-well.com\/es\/wp-json\/wp\/v2\/product_brand?post=50863"},{"taxonomy":"product_cat","embeddable":true,"href":"https:\/\/www.mobile-well.com\/es\/wp-json\/wp\/v2\/product_cat?post=50863"},{"taxonomy":"product_tag","embeddable":true,"href":"https:\/\/www.mobile-well.com\/es\/wp-json\/wp\/v2\/product_tag?post=50863"}],"curies":[{"name":"wp","href":"https:\/\/api.w.org\/{rel}","templated":true}]}}