{"id":50882,"date":"2021-03-31T14:37:26","date_gmt":"2021-03-31T06:37:26","guid":{"rendered":"https:\/\/www.mobile-well.com\/?post_type=product&#038;p=50882"},"modified":"2021-03-31T14:37:29","modified_gmt":"2021-03-31T06:37:29","slug":"50882","status":"publish","type":"product","link":"https:\/\/www.mobile-well.com\/es\/producto\/50882\/","title":{"rendered":"Auriculares inal\u00e1mbrico V5.0 con orejas de gato plegable en la oreja est\u00e9reo inal\u00e1mbrico con micr\u00f3fono LED luz"},"content":{"rendered":"","protected":false},"excerpt":{"rendered":"<ul>\n<li>Auriculares inal\u00e1mbrico V5.0 para ni\u00f1os con orejas de gato plegable en la oreja est\u00e9reo inal\u00e1mbrico con micr\u00f3fono LED luz<\/li>\n<li>Model:PM39<\/li>\n<li>Tama\u00f1o de la caja: 84 * 48 * 58, 24 kg\uff0c80piezas<\/li>\n<\/ul>\n","protected":false},"featured_media":50899,"template":"","meta":[],"product_brand":[],"product_cat":[3017],"product_tag":[2233,6632,6595,6630,5979],"class_list":{"0":"post-50882","1":"product","2":"type-product","3":"status-publish","4":"has-post-thumbnail","6":"product_cat-auriculares","7":"product_tag-auriculares","8":"product_tag-auriculares-con-microfono-led-luz","9":"product_tag-auriculares-inalambrico","10":"product_tag-auriculares-inalambrico-v5-0","11":"product_tag-moq80","13":"first","14":"instock","15":"shipping-taxable","16":"product-type-simple"},"jetpack_sharing_enabled":true,"_links":{"self":[{"href":"https:\/\/www.mobile-well.com\/es\/wp-json\/wp\/v2\/product\/50882","targetHints":{"allow":["GET"]}}],"collection":[{"href":"https:\/\/www.mobile-well.com\/es\/wp-json\/wp\/v2\/product"}],"about":[{"href":"https:\/\/www.mobile-well.com\/es\/wp-json\/wp\/v2\/types\/product"}],"wp:featuredmedia":[{"embeddable":true,"href":"https:\/\/www.mobile-well.com\/es\/wp-json\/wp\/v2\/media\/50899"}],"wp:attachment":[{"href":"https:\/\/www.mobile-well.com\/es\/wp-json\/wp\/v2\/media?parent=50882"}],"wp:term":[{"taxonomy":"product_brand","embeddable":true,"href":"https:\/\/www.mobile-well.com\/es\/wp-json\/wp\/v2\/product_brand?post=50882"},{"taxonomy":"product_cat","embeddable":true,"href":"https:\/\/www.mobile-well.com\/es\/wp-json\/wp\/v2\/product_cat?post=50882"},{"taxonomy":"product_tag","embeddable":true,"href":"https:\/\/www.mobile-well.com\/es\/wp-json\/wp\/v2\/product_tag?post=50882"}],"curies":[{"name":"wp","href":"https:\/\/api.w.org\/{rel}","templated":true}]}}