{"id":50920,"date":"2021-03-31T14:46:53","date_gmt":"2021-03-31T06:46:53","guid":{"rendered":"https:\/\/www.mobile-well.com\/?post_type=product&#038;p=50920"},"modified":"2021-03-31T14:46:56","modified_gmt":"2021-03-31T06:46:56","slug":"fundas-tpu-del-telefono-de-proteccion-de-la-camara-deslizante-con-dibujo-sarga-prar-iphone12pro","status":"publish","type":"product","link":"https:\/\/www.mobile-well.com\/es\/producto\/fundas-tpu-del-telefono-de-proteccion-de-la-camara-deslizante-con-dibujo-sarga-prar-iphone12pro\/","title":{"rendered":"Fundas TPU del tel\u00e9fono de protecci\u00f3n de la c\u00e1mara deslizante con dibujo sarga prar iPhone12Pro"},"content":{"rendered":"","protected":false},"excerpt":{"rendered":"<ul>\n<li>Material: TPU<\/li>\n<li>Color: como cuadro<\/li>\n<li>Modelo: Cont\u00e1ctenos r\u00e1pidamente para obtener la lista de modelos<\/li>\n<li>MOQ: 100 piezas \/ modelo, 30 piezas \/ color<\/li>\n<\/ul>\n","protected":false},"featured_media":50924,"template":"","meta":[],"product_brand":[],"product_cat":[77],"product_tag":[6635,6634,3746,1130,5738],"class_list":{"0":"post-50920","1":"product","2":"type-product","3":"status-publish","4":"has-post-thumbnail","6":"product_cat-fundas","7":"product_tag-funda-con-dibujo-sarga","8":"product_tag-funda-de-proteccion-de-la-camara-deslizante","9":"product_tag-fundas-del-telefono","10":"product_tag-fundas-tpu","11":"product_tag-moq100","13":"first","14":"instock","15":"shipping-taxable","16":"product-type-simple"},"jetpack_sharing_enabled":true,"_links":{"self":[{"href":"https:\/\/www.mobile-well.com\/es\/wp-json\/wp\/v2\/product\/50920","targetHints":{"allow":["GET"]}}],"collection":[{"href":"https:\/\/www.mobile-well.com\/es\/wp-json\/wp\/v2\/product"}],"about":[{"href":"https:\/\/www.mobile-well.com\/es\/wp-json\/wp\/v2\/types\/product"}],"wp:featuredmedia":[{"embeddable":true,"href":"https:\/\/www.mobile-well.com\/es\/wp-json\/wp\/v2\/media\/50924"}],"wp:attachment":[{"href":"https:\/\/www.mobile-well.com\/es\/wp-json\/wp\/v2\/media?parent=50920"}],"wp:term":[{"taxonomy":"product_brand","embeddable":true,"href":"https:\/\/www.mobile-well.com\/es\/wp-json\/wp\/v2\/product_brand?post=50920"},{"taxonomy":"product_cat","embeddable":true,"href":"https:\/\/www.mobile-well.com\/es\/wp-json\/wp\/v2\/product_cat?post=50920"},{"taxonomy":"product_tag","embeddable":true,"href":"https:\/\/www.mobile-well.com\/es\/wp-json\/wp\/v2\/product_tag?post=50920"}],"curies":[{"name":"wp","href":"https:\/\/api.w.org\/{rel}","templated":true}]}}