{"id":51088,"date":"2021-04-01T17:01:43","date_gmt":"2021-04-01T09:01:43","guid":{"rendered":"https:\/\/www.mobile-well.com\/?post_type=product&#038;p=51088"},"modified":"2021-04-01T17:01:47","modified_gmt":"2021-04-01T09:01:47","slug":"auriculares-inalambrico-v5-0-para-ninos-con-orejas-de-gato-plegable-en-la-oreja-estereo-inalambrico-negro","status":"publish","type":"product","link":"https:\/\/www.mobile-well.com\/es\/producto\/auriculares-inalambrico-v5-0-para-ninos-con-orejas-de-gato-plegable-en-la-oreja-estereo-inalambrico-negro\/","title":{"rendered":"Auriculares inal\u00e1mbrico V5.0 para ni\u00f1os con orejas de gato plegable en la oreja est\u00e9reo inal\u00e1mbrico negro"},"content":{"rendered":"","protected":false},"excerpt":{"rendered":"<ul>\n<li>Modelo: P38M<\/li>\n<li>Carga USB: DC5VIN<\/li>\n<li>SNR: 88Db<\/li>\n<li>Distancia inal\u00e1mbrica: 10 metros.<\/li>\n<li>Potencia de salida: 35 mW<\/li>\n<li>Frecuencia inal\u00e1mbrica: 2.401-2.480GHz<\/li>\n<li>Tiempo de carga: 2 horas<\/li>\n<li>Duraci\u00f3n de la llamada: 6 horas<\/li>\n<li>Tiempo en espera: 18 horas.<\/li>\n<\/ul>\n","protected":false},"featured_media":51103,"template":"","meta":[],"product_brand":[],"product_cat":[3017],"product_tag":[6596,6644,6645,6630],"class_list":{"0":"post-51088","1":"product","2":"type-product","3":"status-publish","4":"has-post-thumbnail","6":"product_cat-auriculares","7":"product_tag-auriculares-con-orejas-de-gato-plegable","8":"product_tag-auriculares-inalambrico-negro","9":"product_tag-auriculares-inalambrico-para-ninos","10":"product_tag-auriculares-inalambrico-v5-0","12":"first","13":"instock","14":"shipping-taxable","15":"product-type-simple"},"jetpack_sharing_enabled":true,"_links":{"self":[{"href":"https:\/\/www.mobile-well.com\/es\/wp-json\/wp\/v2\/product\/51088","targetHints":{"allow":["GET"]}}],"collection":[{"href":"https:\/\/www.mobile-well.com\/es\/wp-json\/wp\/v2\/product"}],"about":[{"href":"https:\/\/www.mobile-well.com\/es\/wp-json\/wp\/v2\/types\/product"}],"wp:featuredmedia":[{"embeddable":true,"href":"https:\/\/www.mobile-well.com\/es\/wp-json\/wp\/v2\/media\/51103"}],"wp:attachment":[{"href":"https:\/\/www.mobile-well.com\/es\/wp-json\/wp\/v2\/media?parent=51088"}],"wp:term":[{"taxonomy":"product_brand","embeddable":true,"href":"https:\/\/www.mobile-well.com\/es\/wp-json\/wp\/v2\/product_brand?post=51088"},{"taxonomy":"product_cat","embeddable":true,"href":"https:\/\/www.mobile-well.com\/es\/wp-json\/wp\/v2\/product_cat?post=51088"},{"taxonomy":"product_tag","embeddable":true,"href":"https:\/\/www.mobile-well.com\/es\/wp-json\/wp\/v2\/product_tag?post=51088"}],"curies":[{"name":"wp","href":"https:\/\/api.w.org\/{rel}","templated":true}]}}