{"id":51274,"date":"2021-04-20T11:13:03","date_gmt":"2021-04-20T03:13:03","guid":{"rendered":"https:\/\/www.mobile-well.com\/?post_type=product&#038;p=51274"},"modified":"2021-04-20T11:13:07","modified_gmt":"2021-04-20T03:13:07","slug":"mayoreo-auriculares-con-microfono-para-ninos-y-ninas-con-disenoajustado-con-limitador-de-volumen","status":"publish","type":"product","link":"https:\/\/www.mobile-well.com\/es\/producto\/mayoreo-auriculares-con-microfono-para-ninos-y-ninas-con-disenoajustado-con-limitador-de-volumen\/","title":{"rendered":"Mayoreo auriculares con micr\u00f3fono para ni\u00f1os y ni\u00f1as, con dise\u00f1o,ajustado, con limitador de volumen"},"content":{"rendered":"","protected":false},"excerpt":{"rendered":"<ul>\n<li>Nombre: auriculares KID-SAFE<\/li>\n<li>Modelo: SY-KID103<\/li>\n<li>Enchufe: conector de audio de 3,5 mm<\/li>\n<li>Longitud del cable: 1,2 m<\/li>\n<li>Tama\u00f1o CTN: 75 * 44 * 64 cm, 80 piezas \/ caja, 16 kg<\/li>\n<\/ul>\n","protected":false},"featured_media":51313,"template":"","meta":[],"product_brand":[],"product_cat":[275],"product_tag":[2233,6661,1768,6660,5979],"class_list":{"0":"post-51274","1":"product","2":"type-product","3":"status-publish","4":"has-post-thumbnail","6":"product_cat-audifonos","7":"product_tag-auriculares","8":"product_tag-auriculares-ajustado","9":"product_tag-auriculares-con-microfono","10":"product_tag-auriculares-para-ninos-y-ninas","11":"product_tag-moq80","13":"first","14":"instock","15":"shipping-taxable","16":"product-type-simple"},"jetpack_sharing_enabled":true,"_links":{"self":[{"href":"https:\/\/www.mobile-well.com\/es\/wp-json\/wp\/v2\/product\/51274","targetHints":{"allow":["GET"]}}],"collection":[{"href":"https:\/\/www.mobile-well.com\/es\/wp-json\/wp\/v2\/product"}],"about":[{"href":"https:\/\/www.mobile-well.com\/es\/wp-json\/wp\/v2\/types\/product"}],"wp:featuredmedia":[{"embeddable":true,"href":"https:\/\/www.mobile-well.com\/es\/wp-json\/wp\/v2\/media\/51313"}],"wp:attachment":[{"href":"https:\/\/www.mobile-well.com\/es\/wp-json\/wp\/v2\/media?parent=51274"}],"wp:term":[{"taxonomy":"product_brand","embeddable":true,"href":"https:\/\/www.mobile-well.com\/es\/wp-json\/wp\/v2\/product_brand?post=51274"},{"taxonomy":"product_cat","embeddable":true,"href":"https:\/\/www.mobile-well.com\/es\/wp-json\/wp\/v2\/product_cat?post=51274"},{"taxonomy":"product_tag","embeddable":true,"href":"https:\/\/www.mobile-well.com\/es\/wp-json\/wp\/v2\/product_tag?post=51274"}],"curies":[{"name":"wp","href":"https:\/\/api.w.org\/{rel}","templated":true}]}}