{"id":51365,"date":"2021-04-20T15:24:01","date_gmt":"2021-04-20T07:24:01","guid":{"rendered":"https:\/\/www.mobile-well.com\/?post_type=product&#038;p=51365"},"modified":"2021-04-20T17:46:53","modified_gmt":"2021-04-20T09:46:53","slug":"funda-sensacion-cutanea-en-tpupc-con-epoxy-y-hueco-exacto-de-camera-para-iphone12-12pro","status":"publish","type":"product","link":"https:\/\/www.mobile-well.com\/es\/producto\/funda-sensacion-cutanea-en-tpupc-con-epoxy-y-hueco-exacto-de-camera-para-iphone12-12pro\/","title":{"rendered":"Funda Sensaci\u00f3n Cut\u00e1nea En TPU+PC Con Epoxy Y Hueco Exacto De C\u00e1mera Para iPhone12\/12Pro"},"content":{"rendered":"","protected":false},"excerpt":{"rendered":"<ul>\n<li>Producto NO .: A03<\/li>\n<li>MOQ: 50 piezas \/ color<\/li>\n<li>Material: TPU + PC<\/li>\n<li>Producto N.W: 31,4g<\/li>\n<li>Tama\u00f1o CTN: 60 * 45 * 33 cm 500 piezas \/ caja 15,70 kg<\/li>\n<\/ul>\n","protected":false},"featured_media":51374,"template":"","meta":[],"product_brand":[],"product_cat":[77],"product_tag":[6221,6666,6665,5854],"class_list":{"0":"post-51365","1":"product","2":"type-product","3":"status-publish","4":"has-post-thumbnail","6":"product_cat-fundas","7":"product_tag-funda-en-tpupc","8":"product_tag-funda-sensacion-cutanea","9":"product_tag-fundas-con-epoxy","10":"product_tag-moq500","12":"first","13":"instock","14":"shipping-taxable","15":"product-type-simple"},"jetpack_sharing_enabled":true,"_links":{"self":[{"href":"https:\/\/www.mobile-well.com\/es\/wp-json\/wp\/v2\/product\/51365","targetHints":{"allow":["GET"]}}],"collection":[{"href":"https:\/\/www.mobile-well.com\/es\/wp-json\/wp\/v2\/product"}],"about":[{"href":"https:\/\/www.mobile-well.com\/es\/wp-json\/wp\/v2\/types\/product"}],"wp:featuredmedia":[{"embeddable":true,"href":"https:\/\/www.mobile-well.com\/es\/wp-json\/wp\/v2\/media\/51374"}],"wp:attachment":[{"href":"https:\/\/www.mobile-well.com\/es\/wp-json\/wp\/v2\/media?parent=51365"}],"wp:term":[{"taxonomy":"product_brand","embeddable":true,"href":"https:\/\/www.mobile-well.com\/es\/wp-json\/wp\/v2\/product_brand?post=51365"},{"taxonomy":"product_cat","embeddable":true,"href":"https:\/\/www.mobile-well.com\/es\/wp-json\/wp\/v2\/product_cat?post=51365"},{"taxonomy":"product_tag","embeddable":true,"href":"https:\/\/www.mobile-well.com\/es\/wp-json\/wp\/v2\/product_tag?post=51365"}],"curies":[{"name":"wp","href":"https:\/\/api.w.org\/{rel}","templated":true}]}}