{"id":51584,"date":"2021-04-23T15:59:47","date_gmt":"2021-04-23T07:59:47","guid":{"rendered":"https:\/\/www.mobile-well.com\/?post_type=product&#038;p=51584"},"modified":"2021-04-23T15:59:49","modified_gmt":"2021-04-23T07:59:49","slug":"51584","status":"publish","type":"product","link":"https:\/\/www.mobile-well.com\/es\/producto\/51584\/","title":{"rendered":"Mayoreo auriculares inal\u00e1mbricos oreja de oso ligero con buena calidad de sonido"},"content":{"rendered":"","protected":false},"excerpt":{"rendered":"<ul>\n<li>Modelo: BK05<\/li>\n<li>Perfil inal\u00e1mbrico: est\u00e9reo inal\u00e1mbrico 5.0<\/li>\n<li>Distancia de comunicaci\u00f3n: 15 M<\/li>\n<li>Salida de bocina: 10 mW<\/li>\n<li>Interfaz de entrada: USB \/ 3.5 4P est\u00e9reo \/ micr\u00f3fono<\/li>\n<li>Interfaz de carga: 5 V \/ 1 A<\/li>\n<li>Tipo de bater\u00eda: 400 mAh.<\/li>\n<li>Tiempo de resistencia: luz LED encendida durante aproximadamente 7 horas \/ LED apagada durante aproximadamente 12 horas<\/li>\n<li>Calibre de caja: 71 * 56 * 55 CM, 28,5 KG, 60 piezas<\/li>\n<\/ul>\n","protected":false},"featured_media":51597,"template":"","meta":[],"product_brand":[],"product_cat":[3016],"product_tag":[2233,1767,6682],"class_list":{"0":"post-51584","1":"product","2":"type-product","3":"status-publish","4":"has-post-thumbnail","6":"product_cat-auriculares-bluetooth","7":"product_tag-auriculares","8":"product_tag-auriculares-inalambricos","9":"product_tag-auriculares-oreja-de-oso-ligero","11":"first","12":"instock","13":"shipping-taxable","14":"product-type-simple"},"jetpack_sharing_enabled":true,"_links":{"self":[{"href":"https:\/\/www.mobile-well.com\/es\/wp-json\/wp\/v2\/product\/51584","targetHints":{"allow":["GET"]}}],"collection":[{"href":"https:\/\/www.mobile-well.com\/es\/wp-json\/wp\/v2\/product"}],"about":[{"href":"https:\/\/www.mobile-well.com\/es\/wp-json\/wp\/v2\/types\/product"}],"wp:featuredmedia":[{"embeddable":true,"href":"https:\/\/www.mobile-well.com\/es\/wp-json\/wp\/v2\/media\/51597"}],"wp:attachment":[{"href":"https:\/\/www.mobile-well.com\/es\/wp-json\/wp\/v2\/media?parent=51584"}],"wp:term":[{"taxonomy":"product_brand","embeddable":true,"href":"https:\/\/www.mobile-well.com\/es\/wp-json\/wp\/v2\/product_brand?post=51584"},{"taxonomy":"product_cat","embeddable":true,"href":"https:\/\/www.mobile-well.com\/es\/wp-json\/wp\/v2\/product_cat?post=51584"},{"taxonomy":"product_tag","embeddable":true,"href":"https:\/\/www.mobile-well.com\/es\/wp-json\/wp\/v2\/product_tag?post=51584"}],"curies":[{"name":"wp","href":"https:\/\/api.w.org\/{rel}","templated":true}]}}