{"id":51682,"date":"2021-04-27T15:17:13","date_gmt":"2021-04-27T07:17:13","guid":{"rendered":"https:\/\/www.mobile-well.com\/?post_type=product&#038;p=51682"},"modified":"2021-04-28T10:33:06","modified_gmt":"2021-04-28T02:33:06","slug":"mayoreo-pantalla-lcd-tactil-para-motorola-e6s","status":"publish","type":"product","link":"https:\/\/www.mobile-well.com\/es\/producto\/mayoreo-pantalla-lcd-tactil-para-motorola-e6s\/","title":{"rendered":"Piezas de reparaci\u00f3n de tel\u00e9fonos m\u00f3viles montaje de digitalizador de pantalla lcd para Motorola E6s"},"content":{"rendered":"","protected":false},"excerpt":{"rendered":"<p>Mayoreo PANTALLA LCD + TACTIL Para Motorola E6s<\/p>\n","protected":false},"featured_media":51685,"template":"","meta":[],"product_brand":[],"product_cat":[71],"product_tag":[6696,6688,6689],"class_list":{"0":"post-51682","1":"product","2":"type-product","3":"status-publish","4":"has-post-thumbnail","6":"product_cat-repuestos","7":"product_tag-digitalizador-de-pantalla-lcd","8":"product_tag-pantalla-lcd","9":"product_tag-pantalla-lcd-tactil","11":"first","12":"instock","13":"shipping-taxable","14":"product-type-simple"},"jetpack_sharing_enabled":true,"_links":{"self":[{"href":"https:\/\/www.mobile-well.com\/es\/wp-json\/wp\/v2\/product\/51682","targetHints":{"allow":["GET"]}}],"collection":[{"href":"https:\/\/www.mobile-well.com\/es\/wp-json\/wp\/v2\/product"}],"about":[{"href":"https:\/\/www.mobile-well.com\/es\/wp-json\/wp\/v2\/types\/product"}],"wp:featuredmedia":[{"embeddable":true,"href":"https:\/\/www.mobile-well.com\/es\/wp-json\/wp\/v2\/media\/51685"}],"wp:attachment":[{"href":"https:\/\/www.mobile-well.com\/es\/wp-json\/wp\/v2\/media?parent=51682"}],"wp:term":[{"taxonomy":"product_brand","embeddable":true,"href":"https:\/\/www.mobile-well.com\/es\/wp-json\/wp\/v2\/product_brand?post=51682"},{"taxonomy":"product_cat","embeddable":true,"href":"https:\/\/www.mobile-well.com\/es\/wp-json\/wp\/v2\/product_cat?post=51682"},{"taxonomy":"product_tag","embeddable":true,"href":"https:\/\/www.mobile-well.com\/es\/wp-json\/wp\/v2\/product_tag?post=51682"}],"curies":[{"name":"wp","href":"https:\/\/api.w.org\/{rel}","templated":true}]}}