{"id":51764,"date":"2021-04-27T16:35:44","date_gmt":"2021-04-27T08:35:44","guid":{"rendered":"https:\/\/www.mobile-well.com\/?post_type=product&#038;p=51764"},"modified":"2021-04-29T09:50:50","modified_gmt":"2021-04-29T01:50:50","slug":"mayoreo-pantalla-lcd-tactil-para-samsung-a21s-a127","status":"publish","type":"product","link":"https:\/\/www.mobile-well.com\/es\/producto\/mayoreo-pantalla-lcd-tactil-para-samsung-a21s-a127\/","title":{"rendered":"Tama\u00f1o est\u00e1ndar de reemplazo lcd pantalla t\u00e1ctil para Samsung A21s A127"},"content":{"rendered":"","protected":false},"excerpt":{"rendered":"<p>Mayoreo PANTALLA LCD + TACTIL Para Samsung A21s A127<\/p>\n","protected":false},"featured_media":51767,"template":"","meta":[],"product_brand":[],"product_cat":[71,80],"product_tag":[6688,6689,6695],"class_list":{"0":"post-51764","1":"product","2":"type-product","3":"status-publish","4":"has-post-thumbnail","6":"product_cat-repuestos","7":"product_cat-pantallas-lcd","8":"product_tag-pantalla-lcd","9":"product_tag-pantalla-lcd-tactil","10":"product_tag-reemplazo-lcd-pantalla-tactil","12":"first","13":"instock","14":"shipping-taxable","15":"product-type-simple"},"jetpack_sharing_enabled":true,"_links":{"self":[{"href":"https:\/\/www.mobile-well.com\/es\/wp-json\/wp\/v2\/product\/51764","targetHints":{"allow":["GET"]}}],"collection":[{"href":"https:\/\/www.mobile-well.com\/es\/wp-json\/wp\/v2\/product"}],"about":[{"href":"https:\/\/www.mobile-well.com\/es\/wp-json\/wp\/v2\/types\/product"}],"wp:featuredmedia":[{"embeddable":true,"href":"https:\/\/www.mobile-well.com\/es\/wp-json\/wp\/v2\/media\/51767"}],"wp:attachment":[{"href":"https:\/\/www.mobile-well.com\/es\/wp-json\/wp\/v2\/media?parent=51764"}],"wp:term":[{"taxonomy":"product_brand","embeddable":true,"href":"https:\/\/www.mobile-well.com\/es\/wp-json\/wp\/v2\/product_brand?post=51764"},{"taxonomy":"product_cat","embeddable":true,"href":"https:\/\/www.mobile-well.com\/es\/wp-json\/wp\/v2\/product_cat?post=51764"},{"taxonomy":"product_tag","embeddable":true,"href":"https:\/\/www.mobile-well.com\/es\/wp-json\/wp\/v2\/product_tag?post=51764"}],"curies":[{"name":"wp","href":"https:\/\/api.w.org\/{rel}","templated":true}]}}