{"id":52066,"date":"2021-05-05T23:10:47","date_gmt":"2021-05-05T15:10:47","guid":{"rendered":"https:\/\/www.mobile-well.com\/?post_type=product&#038;p=52066"},"modified":"2021-05-05T23:10:50","modified_gmt":"2021-05-05T15:10:50","slug":"52066","status":"publish","type":"product","link":"https:\/\/www.mobile-well.com\/es\/producto\/52066\/","title":{"rendered":"Altavoz bluetooth peque\u00f1o y port\u00e1til con iluminaci\u00f3n LED de colores"},"content":{"rendered":"","protected":false},"excerpt":{"rendered":"<ul>\n<li>M\u00e1quina de karaoke port\u00e1til de 3 pulgadas 5W,<\/li>\n<li>sistema de altavoces PA Wireless port\u00e1til,<\/li>\n<li>con cable, luces intermitentes de DJ, entrada de micr\u00f3fono de karaoke, FM, entrada \/USB\/TF\/Mic<\/li>\n<li>Calibre de caja: 72,5 * 30 * 38,5CM<\/li>\n<\/ul>\n","protected":false},"featured_media":52077,"template":"","meta":[],"product_brand":[],"product_cat":[310],"product_tag":[920,6729,6730],"class_list":{"0":"post-52066","1":"product","2":"type-product","3":"status-publish","4":"has-post-thumbnail","6":"product_cat-parlantes","7":"product_tag-altavoz-bluetooth","8":"product_tag-altavoz-bluetooth-pequeno","9":"product_tag-altavoz-bluetooth-portatil","11":"first","12":"instock","13":"shipping-taxable","14":"product-type-simple"},"jetpack_sharing_enabled":true,"_links":{"self":[{"href":"https:\/\/www.mobile-well.com\/es\/wp-json\/wp\/v2\/product\/52066","targetHints":{"allow":["GET"]}}],"collection":[{"href":"https:\/\/www.mobile-well.com\/es\/wp-json\/wp\/v2\/product"}],"about":[{"href":"https:\/\/www.mobile-well.com\/es\/wp-json\/wp\/v2\/types\/product"}],"wp:featuredmedia":[{"embeddable":true,"href":"https:\/\/www.mobile-well.com\/es\/wp-json\/wp\/v2\/media\/52077"}],"wp:attachment":[{"href":"https:\/\/www.mobile-well.com\/es\/wp-json\/wp\/v2\/media?parent=52066"}],"wp:term":[{"taxonomy":"product_brand","embeddable":true,"href":"https:\/\/www.mobile-well.com\/es\/wp-json\/wp\/v2\/product_brand?post=52066"},{"taxonomy":"product_cat","embeddable":true,"href":"https:\/\/www.mobile-well.com\/es\/wp-json\/wp\/v2\/product_cat?post=52066"},{"taxonomy":"product_tag","embeddable":true,"href":"https:\/\/www.mobile-well.com\/es\/wp-json\/wp\/v2\/product_tag?post=52066"}],"curies":[{"name":"wp","href":"https:\/\/api.w.org\/{rel}","templated":true}]}}