{"id":52085,"date":"2021-05-05T23:16:20","date_gmt":"2021-05-05T15:16:20","guid":{"rendered":"https:\/\/www.mobile-well.com\/?post_type=product&#038;p=52085"},"modified":"2021-05-05T23:16:22","modified_gmt":"2021-05-05T15:16:22","slug":"52085","status":"publish","type":"product","link":"https:\/\/www.mobile-well.com\/es\/producto\/52085\/","title":{"rendered":"M\u00e1quina de karaoke port\u00e1til de 2*3 pulgadas 10W precio de f\u00e1brica"},"content":{"rendered":"","protected":false},"excerpt":{"rendered":"<ul>\n<li>M\u00e1quina de karaoke port\u00e1til de 2*3 pulgadas 10W,<\/li>\n<li>sistema de altavoces PA Wireless port\u00e1til,<\/li>\n<li>con cable, luces intermitentes de DJ, entrada de micr\u00f3fono de karaoke, FM, entrada \/USB\/TF\/Mic<\/li>\n<li>Calibre de caja: 66,5 * 34 * 31,5CM<\/li>\n<\/ul>\n","protected":false},"featured_media":52100,"template":"","meta":[],"product_brand":[],"product_cat":[310],"product_tag":[6592,6731],"class_list":{"0":"post-52085","1":"product","2":"type-product","3":"status-publish","4":"has-post-thumbnail","6":"product_cat-parlantes","7":"product_tag-altavoz-portatil","8":"product_tag-maquina-de-karaoke","10":"first","11":"instock","12":"shipping-taxable","13":"product-type-simple"},"jetpack_sharing_enabled":true,"_links":{"self":[{"href":"https:\/\/www.mobile-well.com\/es\/wp-json\/wp\/v2\/product\/52085","targetHints":{"allow":["GET"]}}],"collection":[{"href":"https:\/\/www.mobile-well.com\/es\/wp-json\/wp\/v2\/product"}],"about":[{"href":"https:\/\/www.mobile-well.com\/es\/wp-json\/wp\/v2\/types\/product"}],"wp:featuredmedia":[{"embeddable":true,"href":"https:\/\/www.mobile-well.com\/es\/wp-json\/wp\/v2\/media\/52100"}],"wp:attachment":[{"href":"https:\/\/www.mobile-well.com\/es\/wp-json\/wp\/v2\/media?parent=52085"}],"wp:term":[{"taxonomy":"product_brand","embeddable":true,"href":"https:\/\/www.mobile-well.com\/es\/wp-json\/wp\/v2\/product_brand?post=52085"},{"taxonomy":"product_cat","embeddable":true,"href":"https:\/\/www.mobile-well.com\/es\/wp-json\/wp\/v2\/product_cat?post=52085"},{"taxonomy":"product_tag","embeddable":true,"href":"https:\/\/www.mobile-well.com\/es\/wp-json\/wp\/v2\/product_tag?post=52085"}],"curies":[{"name":"wp","href":"https:\/\/api.w.org\/{rel}","templated":true}]}}