{"id":52407,"date":"2021-05-08T17:28:46","date_gmt":"2021-05-08T09:28:46","guid":{"rendered":"https:\/\/www.mobile-well.com\/?post_type=product&#038;p=52407"},"modified":"2021-05-08T17:28:50","modified_gmt":"2021-05-08T09:28:50","slug":"fundas-tpu-transparente-del-telefono-de-proteccion-de-la-camara-deslizante-con-anillo-en-color","status":"publish","type":"product","link":"https:\/\/www.mobile-well.com\/es\/producto\/fundas-tpu-transparente-del-telefono-de-proteccion-de-la-camara-deslizante-con-anillo-en-color\/","title":{"rendered":"Fundas TPU Transparente del tel\u00e9fono de protecci\u00f3n de la c\u00e1mara deslizante Con Anillo en Color"},"content":{"rendered":"","protected":false},"excerpt":{"rendered":"<ul>\n<li>Material:TPU<\/li>\n<li>Comprar minima:50piezas\/modelo\/color<\/li>\n<li>Modelos:Hay muchos modelos disponibles<\/li>\n<\/ul>\n","protected":false},"featured_media":52408,"template":"","meta":[],"product_brand":[],"product_cat":[77],"product_tag":[6749,6750,6748],"class_list":{"0":"post-52407","1":"product","2":"type-product","3":"status-publish","4":"has-post-thumbnail","6":"product_cat-fundas","7":"product_tag-con-proteccion-de-la-camara","8":"product_tag-fundas-con-anillo-en-color","9":"product_tag-fundas-tpu-transparente","11":"first","12":"instock","13":"shipping-taxable","14":"product-type-simple"},"jetpack_sharing_enabled":true,"_links":{"self":[{"href":"https:\/\/www.mobile-well.com\/es\/wp-json\/wp\/v2\/product\/52407","targetHints":{"allow":["GET"]}}],"collection":[{"href":"https:\/\/www.mobile-well.com\/es\/wp-json\/wp\/v2\/product"}],"about":[{"href":"https:\/\/www.mobile-well.com\/es\/wp-json\/wp\/v2\/types\/product"}],"wp:featuredmedia":[{"embeddable":true,"href":"https:\/\/www.mobile-well.com\/es\/wp-json\/wp\/v2\/media\/52408"}],"wp:attachment":[{"href":"https:\/\/www.mobile-well.com\/es\/wp-json\/wp\/v2\/media?parent=52407"}],"wp:term":[{"taxonomy":"product_brand","embeddable":true,"href":"https:\/\/www.mobile-well.com\/es\/wp-json\/wp\/v2\/product_brand?post=52407"},{"taxonomy":"product_cat","embeddable":true,"href":"https:\/\/www.mobile-well.com\/es\/wp-json\/wp\/v2\/product_cat?post=52407"},{"taxonomy":"product_tag","embeddable":true,"href":"https:\/\/www.mobile-well.com\/es\/wp-json\/wp\/v2\/product_tag?post=52407"}],"curies":[{"name":"wp","href":"https:\/\/api.w.org\/{rel}","templated":true}]}}