{"id":52532,"date":"2021-05-08T18:01:02","date_gmt":"2021-05-08T10:01:02","guid":{"rendered":"https:\/\/www.mobile-well.com\/?post_type=product&#038;p=52532"},"modified":"2021-05-08T18:01:04","modified_gmt":"2021-05-08T10:01:04","slug":"fundas-tpu-del-telefono-de-proteccion-de-la-camara-deslizante","status":"publish","type":"product","link":"https:\/\/www.mobile-well.com\/es\/producto\/fundas-tpu-del-telefono-de-proteccion-de-la-camara-deslizante\/","title":{"rendered":"Fundas TPU del tel\u00e9fono de protecci\u00f3n de la c\u00e1mara deslizante"},"content":{"rendered":"","protected":false},"excerpt":{"rendered":"<ul>\n<li>Material: TPU<\/li>\n<li>MOQ: 200piezas \/ modelo, 50piezas \/ color<\/li>\n<li>Modelos: muchos modelos est\u00e1n disponibles<\/li>\n<\/ul>\n","protected":false},"featured_media":52545,"template":"","meta":[],"product_brand":[],"product_cat":[77],"product_tag":[6757,5761],"class_list":{"0":"post-52532","1":"product","2":"type-product","3":"status-publish","4":"has-post-thumbnail","6":"product_cat-fundas","7":"product_tag-fundas-tpu-del-telefono","8":"product_tag-moq200","10":"first","11":"instock","12":"shipping-taxable","13":"product-type-simple"},"jetpack_sharing_enabled":true,"_links":{"self":[{"href":"https:\/\/www.mobile-well.com\/es\/wp-json\/wp\/v2\/product\/52532","targetHints":{"allow":["GET"]}}],"collection":[{"href":"https:\/\/www.mobile-well.com\/es\/wp-json\/wp\/v2\/product"}],"about":[{"href":"https:\/\/www.mobile-well.com\/es\/wp-json\/wp\/v2\/types\/product"}],"wp:featuredmedia":[{"embeddable":true,"href":"https:\/\/www.mobile-well.com\/es\/wp-json\/wp\/v2\/media\/52545"}],"wp:attachment":[{"href":"https:\/\/www.mobile-well.com\/es\/wp-json\/wp\/v2\/media?parent=52532"}],"wp:term":[{"taxonomy":"product_brand","embeddable":true,"href":"https:\/\/www.mobile-well.com\/es\/wp-json\/wp\/v2\/product_brand?post=52532"},{"taxonomy":"product_cat","embeddable":true,"href":"https:\/\/www.mobile-well.com\/es\/wp-json\/wp\/v2\/product_cat?post=52532"},{"taxonomy":"product_tag","embeddable":true,"href":"https:\/\/www.mobile-well.com\/es\/wp-json\/wp\/v2\/product_tag?post=52532"}],"curies":[{"name":"wp","href":"https:\/\/api.w.org\/{rel}","templated":true}]}}