{"id":52579,"date":"2021-05-20T17:47:24","date_gmt":"2021-05-20T09:47:24","guid":{"rendered":"https:\/\/www.mobile-well.com\/?post_type=product&#038;p=52579"},"modified":"2023-12-27T17:31:03","modified_gmt":"2023-12-27T09:31:03","slug":"52579","status":"publish","type":"product","link":"https:\/\/www.mobile-well.com\/es\/producto\/52579\/","title":{"rendered":"Protector de pantalla de privacidad de 360\u00b0 para iPhone 11\/12"},"content":{"rendered":"","protected":false},"excerpt":{"rendered":"<ul>\n<li>Protector de pantalla de privacidad de 360\u00b0 para iPhone 11\/12<\/li>\n<li>privacidad vidrio templado verdadera pantalla anti-esp\u00eda 1080p HD 9H pel\u00edcula negro -versi\u00f3n de sin borde negro<\/li>\n<\/ul>\n","protected":false},"featured_media":52594,"template":"","meta":[],"product_brand":[],"product_cat":[78],"product_tag":[6718,6761],"class_list":{"0":"post-52579","1":"product","2":"type-product","3":"status-publish","4":"has-post-thumbnail","6":"product_cat-films-protectores","7":"product_tag-protector-de-pantalla","8":"product_tag-protector-de-pantalla-de-privacidad","10":"first","11":"instock","12":"shipping-taxable","13":"product-type-simple"},"jetpack_sharing_enabled":true,"_links":{"self":[{"href":"https:\/\/www.mobile-well.com\/es\/wp-json\/wp\/v2\/product\/52579","targetHints":{"allow":["GET"]}}],"collection":[{"href":"https:\/\/www.mobile-well.com\/es\/wp-json\/wp\/v2\/product"}],"about":[{"href":"https:\/\/www.mobile-well.com\/es\/wp-json\/wp\/v2\/types\/product"}],"wp:featuredmedia":[{"embeddable":true,"href":"https:\/\/www.mobile-well.com\/es\/wp-json\/wp\/v2\/media\/52594"}],"wp:attachment":[{"href":"https:\/\/www.mobile-well.com\/es\/wp-json\/wp\/v2\/media?parent=52579"}],"wp:term":[{"taxonomy":"product_brand","embeddable":true,"href":"https:\/\/www.mobile-well.com\/es\/wp-json\/wp\/v2\/product_brand?post=52579"},{"taxonomy":"product_cat","embeddable":true,"href":"https:\/\/www.mobile-well.com\/es\/wp-json\/wp\/v2\/product_cat?post=52579"},{"taxonomy":"product_tag","embeddable":true,"href":"https:\/\/www.mobile-well.com\/es\/wp-json\/wp\/v2\/product_tag?post=52579"}],"curies":[{"name":"wp","href":"https:\/\/api.w.org\/{rel}","templated":true}]}}