{"id":53230,"date":"2021-06-26T19:00:52","date_gmt":"2021-06-26T11:00:52","guid":{"rendered":"https:\/\/www.mobile-well.com\/?post_type=product&#038;p=53230"},"modified":"2021-06-26T19:00:56","modified_gmt":"2021-06-26T11:00:56","slug":"case-de-celulares-de-la-inyeccion-del-silicon-de-la-historieta-del-telefono-movil-para-iphone11-12pro","status":"publish","type":"product","link":"https:\/\/www.mobile-well.com\/es\/producto\/case-de-celulares-de-la-inyeccion-del-silicon-de-la-historieta-del-telefono-movil-para-iphone11-12pro\/","title":{"rendered":"Case de celulares de la inyecci\u00f3n del silic\u00f3n de la historieta del tel\u00e9fono m\u00f3vil para iPhone11\/12Pro"},"content":{"rendered":"","protected":false},"excerpt":{"rendered":"<ul>\n<li>MOQ: 50 piezas \/ modelo \/ color<\/li>\n<li>Material: gel de s\u00edlice<\/li>\n<li>Producto N.W: 61,9g<\/li>\n<li>Tama\u00f1o CTN: 60 * 45 * 33cm 500pcs \/ ctn 30.95kg<\/li>\n<\/ul>\n","protected":false},"featured_media":53228,"template":"","meta":[],"product_brand":[],"product_cat":[77],"product_tag":[6804,6805,5756],"class_list":{"0":"post-53230","1":"product","2":"type-product","3":"status-publish","4":"has-post-thumbnail","6":"product_cat-fundas","7":"product_tag-case-de-celulares","8":"product_tag-case-de-la-inyeccion-del-silicon","9":"product_tag-moq50","11":"first","12":"instock","13":"shipping-taxable","14":"product-type-simple"},"jetpack_sharing_enabled":true,"_links":{"self":[{"href":"https:\/\/www.mobile-well.com\/es\/wp-json\/wp\/v2\/product\/53230","targetHints":{"allow":["GET"]}}],"collection":[{"href":"https:\/\/www.mobile-well.com\/es\/wp-json\/wp\/v2\/product"}],"about":[{"href":"https:\/\/www.mobile-well.com\/es\/wp-json\/wp\/v2\/types\/product"}],"wp:featuredmedia":[{"embeddable":true,"href":"https:\/\/www.mobile-well.com\/es\/wp-json\/wp\/v2\/media\/53228"}],"wp:attachment":[{"href":"https:\/\/www.mobile-well.com\/es\/wp-json\/wp\/v2\/media?parent=53230"}],"wp:term":[{"taxonomy":"product_brand","embeddable":true,"href":"https:\/\/www.mobile-well.com\/es\/wp-json\/wp\/v2\/product_brand?post=53230"},{"taxonomy":"product_cat","embeddable":true,"href":"https:\/\/www.mobile-well.com\/es\/wp-json\/wp\/v2\/product_cat?post=53230"},{"taxonomy":"product_tag","embeddable":true,"href":"https:\/\/www.mobile-well.com\/es\/wp-json\/wp\/v2\/product_tag?post=53230"}],"curies":[{"name":"wp","href":"https:\/\/api.w.org\/{rel}","templated":true}]}}