{"id":53283,"date":"2021-06-30T11:45:11","date_gmt":"2021-06-30T03:45:11","guid":{"rendered":"https:\/\/www.mobile-well.com\/?post_type=product&#038;p=53283"},"modified":"2021-06-30T11:45:14","modified_gmt":"2021-06-30T03:45:14","slug":"pelicula-de-lente-de-pantalla-de-seda-vidrio-acrilico-anti-caida-para-la-serie-iphone11-12","status":"publish","type":"product","link":"https:\/\/www.mobile-well.com\/es\/producto\/pelicula-de-lente-de-pantalla-de-seda-vidrio-acrilico-anti-caida-para-la-serie-iphone11-12\/","title":{"rendered":"Pel\u00edcula de lente de pantalla de seda + vidrio + acr\u00edlico anti-ca\u00edda para la serie iPhone11 \/ 12"},"content":{"rendered":"","protected":false},"excerpt":{"rendered":"<ul>\n<li>Vidrio: vidrio de aluminio de 0,3 mm de alto<\/li>\n<li>Radianes: arco grande de 80 \u00b0<\/li>\n<li>Pegamento: 500 pegamento AB de alta viscosidad<\/li>\n<li>Transmitancia de luz: 95%<\/li>\n<\/ul>\n","protected":false},"featured_media":53279,"template":"","meta":[],"product_brand":[],"product_cat":[78],"product_tag":[6810,6811],"class_list":{"0":"post-53283","1":"product","2":"type-product","3":"status-publish","4":"has-post-thumbnail","6":"product_cat-films-protectores","7":"product_tag-pelicula-de-lente","8":"product_tag-pelicula-de-lente-de-pantalla","10":"first","11":"instock","12":"shipping-taxable","13":"product-type-simple"},"jetpack_sharing_enabled":true,"_links":{"self":[{"href":"https:\/\/www.mobile-well.com\/es\/wp-json\/wp\/v2\/product\/53283","targetHints":{"allow":["GET"]}}],"collection":[{"href":"https:\/\/www.mobile-well.com\/es\/wp-json\/wp\/v2\/product"}],"about":[{"href":"https:\/\/www.mobile-well.com\/es\/wp-json\/wp\/v2\/types\/product"}],"wp:featuredmedia":[{"embeddable":true,"href":"https:\/\/www.mobile-well.com\/es\/wp-json\/wp\/v2\/media\/53279"}],"wp:attachment":[{"href":"https:\/\/www.mobile-well.com\/es\/wp-json\/wp\/v2\/media?parent=53283"}],"wp:term":[{"taxonomy":"product_brand","embeddable":true,"href":"https:\/\/www.mobile-well.com\/es\/wp-json\/wp\/v2\/product_brand?post=53283"},{"taxonomy":"product_cat","embeddable":true,"href":"https:\/\/www.mobile-well.com\/es\/wp-json\/wp\/v2\/product_cat?post=53283"},{"taxonomy":"product_tag","embeddable":true,"href":"https:\/\/www.mobile-well.com\/es\/wp-json\/wp\/v2\/product_tag?post=53283"}],"curies":[{"name":"wp","href":"https:\/\/api.w.org\/{rel}","templated":true}]}}