{"id":53369,"date":"2021-06-30T17:35:09","date_gmt":"2021-06-30T09:35:09","guid":{"rendered":"https:\/\/www.mobile-well.com\/?post_type=product&#038;p=53369"},"modified":"2021-06-30T17:35:10","modified_gmt":"2021-06-30T09:35:10","slug":"protector-de-pantalla-de-telefono-movil-de-superficie-mate-alta-definicion-para-iphone12pro","status":"publish","type":"product","link":"https:\/\/www.mobile-well.com\/es\/producto\/protector-de-pantalla-de-telefono-movil-de-superficie-mate-alta-definicion-para-iphone12pro\/","title":{"rendered":"Protector de pantalla de tel\u00e9fono m\u00f3vil de superficie mate + alta definici\u00f3n para iPhone12Pro"},"content":{"rendered":"","protected":false},"excerpt":{"rendered":"<ul>\n<li>Dureza: 9H<\/li>\n<li>HD: 99%<\/li>\n<li>Caracter\u00edsticas: HD + Mate<\/li>\n<\/ul>\n","protected":false},"featured_media":53370,"template":"","meta":[],"product_brand":[],"product_cat":[78],"product_tag":[6718],"class_list":{"0":"post-53369","1":"product","2":"type-product","3":"status-publish","4":"has-post-thumbnail","6":"product_cat-films-protectores","7":"product_tag-protector-de-pantalla","9":"first","10":"instock","11":"shipping-taxable","12":"product-type-simple"},"jetpack_sharing_enabled":true,"_links":{"self":[{"href":"https:\/\/www.mobile-well.com\/es\/wp-json\/wp\/v2\/product\/53369","targetHints":{"allow":["GET"]}}],"collection":[{"href":"https:\/\/www.mobile-well.com\/es\/wp-json\/wp\/v2\/product"}],"about":[{"href":"https:\/\/www.mobile-well.com\/es\/wp-json\/wp\/v2\/types\/product"}],"wp:featuredmedia":[{"embeddable":true,"href":"https:\/\/www.mobile-well.com\/es\/wp-json\/wp\/v2\/media\/53370"}],"wp:attachment":[{"href":"https:\/\/www.mobile-well.com\/es\/wp-json\/wp\/v2\/media?parent=53369"}],"wp:term":[{"taxonomy":"product_brand","embeddable":true,"href":"https:\/\/www.mobile-well.com\/es\/wp-json\/wp\/v2\/product_brand?post=53369"},{"taxonomy":"product_cat","embeddable":true,"href":"https:\/\/www.mobile-well.com\/es\/wp-json\/wp\/v2\/product_cat?post=53369"},{"taxonomy":"product_tag","embeddable":true,"href":"https:\/\/www.mobile-well.com\/es\/wp-json\/wp\/v2\/product_tag?post=53369"}],"curies":[{"name":"wp","href":"https:\/\/api.w.org\/{rel}","templated":true}]}}