{"id":54081,"date":"2021-07-16T16:48:42","date_gmt":"2021-07-16T08:48:42","guid":{"rendered":"https:\/\/www.mobile-well.com\/?post_type=product&#038;p=54081"},"modified":"2021-07-16T16:48:43","modified_gmt":"2021-07-16T08:48:43","slug":"funda-2-5mm-de-nano-silicon-de-diseno-arco-iris-para-iphone12-12pro","status":"publish","type":"product","link":"https:\/\/www.mobile-well.com\/es\/producto\/funda-2-5mm-de-nano-silicon-de-diseno-arco-iris-para-iphone12-12pro\/","title":{"rendered":"Funda 2.5mm de Nano silicon de dise\u00f1o arco iris para iPhone12\/12Pro"},"content":{"rendered":"","protected":false},"excerpt":{"rendered":"<ul>\n<li>MOQ: 200 piezas \/ modelo, 50 piezas \/ color, cada imagen debe llegar a 500<\/li>\n<li>Material: s\u00edlice de tama\u00f1o nanom\u00e9trico<\/li>\n<li>Producto N.W: 46,00g<\/li>\n<li>Tama\u00f1o CTN: 60 * 45 * 33cm 500pcs \/ ctn 23.00kg<\/li>\n<\/ul>\n","protected":false},"featured_media":54082,"template":"","meta":[],"product_brand":[],"product_cat":[77],"product_tag":[3648,6864,6865,5761],"class_list":{"0":"post-54081","1":"product","2":"type-product","3":"status-publish","4":"has-post-thumbnail","6":"product_cat-fundas","7":"product_tag-funda","8":"product_tag-funda-2-5mm-de-nano-silicon","9":"product_tag-fundas-de-diseno-arco-iris","10":"product_tag-moq200","12":"first","13":"instock","14":"shipping-taxable","15":"product-type-simple"},"jetpack_sharing_enabled":true,"_links":{"self":[{"href":"https:\/\/www.mobile-well.com\/es\/wp-json\/wp\/v2\/product\/54081","targetHints":{"allow":["GET"]}}],"collection":[{"href":"https:\/\/www.mobile-well.com\/es\/wp-json\/wp\/v2\/product"}],"about":[{"href":"https:\/\/www.mobile-well.com\/es\/wp-json\/wp\/v2\/types\/product"}],"wp:featuredmedia":[{"embeddable":true,"href":"https:\/\/www.mobile-well.com\/es\/wp-json\/wp\/v2\/media\/54082"}],"wp:attachment":[{"href":"https:\/\/www.mobile-well.com\/es\/wp-json\/wp\/v2\/media?parent=54081"}],"wp:term":[{"taxonomy":"product_brand","embeddable":true,"href":"https:\/\/www.mobile-well.com\/es\/wp-json\/wp\/v2\/product_brand?post=54081"},{"taxonomy":"product_cat","embeddable":true,"href":"https:\/\/www.mobile-well.com\/es\/wp-json\/wp\/v2\/product_cat?post=54081"},{"taxonomy":"product_tag","embeddable":true,"href":"https:\/\/www.mobile-well.com\/es\/wp-json\/wp\/v2\/product_tag?post=54081"}],"curies":[{"name":"wp","href":"https:\/\/api.w.org\/{rel}","templated":true}]}}