{"id":54423,"date":"2021-07-30T17:16:01","date_gmt":"2021-07-30T09:16:01","guid":{"rendered":"https:\/\/www.mobile-well.com\/?post_type=product&#038;p=54423"},"modified":"2021-08-03T17:20:13","modified_gmt":"2021-08-03T09:20:13","slug":"sms-sl02-lampara-de-esterilizacion-uv-portatil-lampara-germicida","status":"publish","type":"product","link":"https:\/\/www.mobile-well.com\/es\/producto\/sms-sl02-lampara-de-esterilizacion-uv-portatil-lampara-germicida\/","title":{"rendered":"SMS-SL02 l\u00e1mpara de esterilizaci\u00f3n UV port\u00e1til l\u00e1mpara germicida"},"content":{"rendered":"","protected":false},"excerpt":{"rendered":"<p>Model:SMS-SL02<\/p>\n<p>Nombre del producto:l\u00e1mpara de esterilizaci\u00f3n UV port\u00e1til<\/p>\n<p>Color:blanco<\/p>\n","protected":false},"featured_media":54436,"template":"","meta":[],"product_brand":[],"product_cat":[467],"product_tag":[6882,6881,6883],"class_list":{"0":"post-54423","1":"product","2":"type-product","3":"status-publish","4":"has-post-thumbnail","6":"product_cat-gadgets-2","7":"product_tag-lampara-de-esterilizacion-uv","8":"product_tag-lampara-de-esterilizacion-uv-portatil","9":"product_tag-lampara-germicida","11":"first","12":"instock","13":"shipping-taxable","14":"product-type-simple"},"jetpack_sharing_enabled":true,"_links":{"self":[{"href":"https:\/\/www.mobile-well.com\/es\/wp-json\/wp\/v2\/product\/54423","targetHints":{"allow":["GET"]}}],"collection":[{"href":"https:\/\/www.mobile-well.com\/es\/wp-json\/wp\/v2\/product"}],"about":[{"href":"https:\/\/www.mobile-well.com\/es\/wp-json\/wp\/v2\/types\/product"}],"wp:featuredmedia":[{"embeddable":true,"href":"https:\/\/www.mobile-well.com\/es\/wp-json\/wp\/v2\/media\/54436"}],"wp:attachment":[{"href":"https:\/\/www.mobile-well.com\/es\/wp-json\/wp\/v2\/media?parent=54423"}],"wp:term":[{"taxonomy":"product_brand","embeddable":true,"href":"https:\/\/www.mobile-well.com\/es\/wp-json\/wp\/v2\/product_brand?post=54423"},{"taxonomy":"product_cat","embeddable":true,"href":"https:\/\/www.mobile-well.com\/es\/wp-json\/wp\/v2\/product_cat?post=54423"},{"taxonomy":"product_tag","embeddable":true,"href":"https:\/\/www.mobile-well.com\/es\/wp-json\/wp\/v2\/product_tag?post=54423"}],"curies":[{"name":"wp","href":"https:\/\/api.w.org\/{rel}","templated":true}]}}