{"id":54459,"date":"2021-08-05T15:56:33","date_gmt":"2021-08-05T07:56:33","guid":{"rendered":"https:\/\/www.mobile-well.com\/?post_type=product&#038;p=54459"},"modified":"2021-08-05T15:56:34","modified_gmt":"2021-08-05T07:56:34","slug":"audifonos-hibridos-modelo-max10-inalambricos-con-led-luz","status":"publish","type":"product","link":"https:\/\/www.mobile-well.com\/es\/producto\/audifonos-hibridos-modelo-max10-inalambricos-con-led-luz\/","title":{"rendered":"Aud\u00edfonos h\u00edbridos modelo Max10 inal\u00e1mbricos con Led luz"},"content":{"rendered":"","protected":false},"excerpt":{"rendered":"<ul>\n<li>Modelo: Max10<\/li>\n<li>Bater\u00eda: 400 mAh<\/li>\n<li>Altavoz: 40 mAh<\/li>\n<li>Tiempo de trabajo: 8-12 horas<\/li>\n<li>Estado de luz apagada: 18-20 horas<\/li>\n<li>Tiempo en espera: 100 horas.<\/li>\n<li>Tiempo de carga: 2,5 horas.<\/li>\n<li>Puerto de carga: tipo C<\/li>\n<\/ul>\n","protected":false},"featured_media":54482,"template":"","meta":[],"product_brand":[],"product_cat":[3017],"product_tag":[984,6886,5940],"class_list":{"0":"post-54459","1":"product","2":"type-product","3":"status-publish","4":"has-post-thumbnail","6":"product_cat-auriculares","7":"product_tag-audifonos","8":"product_tag-audifonos-con-led-luz","9":"product_tag-audifonos-inalambricos","11":"first","12":"instock","13":"shipping-taxable","14":"product-type-simple"},"jetpack_sharing_enabled":true,"_links":{"self":[{"href":"https:\/\/www.mobile-well.com\/es\/wp-json\/wp\/v2\/product\/54459","targetHints":{"allow":["GET"]}}],"collection":[{"href":"https:\/\/www.mobile-well.com\/es\/wp-json\/wp\/v2\/product"}],"about":[{"href":"https:\/\/www.mobile-well.com\/es\/wp-json\/wp\/v2\/types\/product"}],"wp:featuredmedia":[{"embeddable":true,"href":"https:\/\/www.mobile-well.com\/es\/wp-json\/wp\/v2\/media\/54482"}],"wp:attachment":[{"href":"https:\/\/www.mobile-well.com\/es\/wp-json\/wp\/v2\/media?parent=54459"}],"wp:term":[{"taxonomy":"product_brand","embeddable":true,"href":"https:\/\/www.mobile-well.com\/es\/wp-json\/wp\/v2\/product_brand?post=54459"},{"taxonomy":"product_cat","embeddable":true,"href":"https:\/\/www.mobile-well.com\/es\/wp-json\/wp\/v2\/product_cat?post=54459"},{"taxonomy":"product_tag","embeddable":true,"href":"https:\/\/www.mobile-well.com\/es\/wp-json\/wp\/v2\/product_tag?post=54459"}],"curies":[{"name":"wp","href":"https:\/\/api.w.org\/{rel}","templated":true}]}}