{"id":54503,"date":"2021-08-05T16:21:17","date_gmt":"2021-08-05T08:21:17","guid":{"rendered":"https:\/\/www.mobile-well.com\/?post_type=product&#038;p=54503"},"modified":"2021-08-05T16:21:18","modified_gmt":"2021-08-05T08:21:18","slug":"j19-auriculares-para-ninos-portatiles-y-ajustables-con-microfono-incorporado","status":"publish","type":"product","link":"https:\/\/www.mobile-well.com\/es\/producto\/j19-auriculares-para-ninos-portatiles-y-ajustables-con-microfono-incorporado\/","title":{"rendered":"J19 Auriculares para ni\u00f1os port\u00e1tiles y ajustables con micr\u00f3fono incorporado"},"content":{"rendered":"","protected":false},"excerpt":{"rendered":"<ul>\n<li>Modelo: J19<\/li>\n<li>Altavoz: cuerno magn\u00e9tico de acero de \u03a640 mm<\/li>\n<li>impedancia: 32\u03a9<\/li>\n<li>Respuesta de frecuencia: 20Hz-20000Hz<\/li>\n<li>Potencia nominal: 15 mW<\/li>\n<li>Longitud del cable: 2,3 \u00b1 0,3 m<\/li>\n<li>Conexi\u00f3n de enchufe: 3,5 mm aux<\/li>\n<li>Unidad de micr\u00f3fono: 6&#215;5 mm-58dB + 3dB<\/li>\n<li>Tama\u00f1o CTN: 100 piezas. 53 * 44 * 55 cm, 21,5 kg<\/li>\n<\/ul>\n","protected":false},"featured_media":54504,"template":"","meta":[],"product_brand":[],"product_cat":[3017],"product_tag":[2233,6888,6887],"class_list":{"0":"post-54503","1":"product","2":"type-product","3":"status-publish","4":"has-post-thumbnail","6":"product_cat-auriculares","7":"product_tag-auriculares","8":"product_tag-auriculares-con-microfono-incorporado","9":"product_tag-auriculares-para-ninos","11":"first","12":"instock","13":"shipping-taxable","14":"product-type-simple"},"jetpack_sharing_enabled":true,"_links":{"self":[{"href":"https:\/\/www.mobile-well.com\/es\/wp-json\/wp\/v2\/product\/54503","targetHints":{"allow":["GET"]}}],"collection":[{"href":"https:\/\/www.mobile-well.com\/es\/wp-json\/wp\/v2\/product"}],"about":[{"href":"https:\/\/www.mobile-well.com\/es\/wp-json\/wp\/v2\/types\/product"}],"wp:featuredmedia":[{"embeddable":true,"href":"https:\/\/www.mobile-well.com\/es\/wp-json\/wp\/v2\/media\/54504"}],"wp:attachment":[{"href":"https:\/\/www.mobile-well.com\/es\/wp-json\/wp\/v2\/media?parent=54503"}],"wp:term":[{"taxonomy":"product_brand","embeddable":true,"href":"https:\/\/www.mobile-well.com\/es\/wp-json\/wp\/v2\/product_brand?post=54503"},{"taxonomy":"product_cat","embeddable":true,"href":"https:\/\/www.mobile-well.com\/es\/wp-json\/wp\/v2\/product_cat?post=54503"},{"taxonomy":"product_tag","embeddable":true,"href":"https:\/\/www.mobile-well.com\/es\/wp-json\/wp\/v2\/product_tag?post=54503"}],"curies":[{"name":"wp","href":"https:\/\/api.w.org\/{rel}","templated":true}]}}