{"id":54573,"date":"2021-08-05T17:33:55","date_gmt":"2021-08-05T09:33:55","guid":{"rendered":"https:\/\/www.mobile-well.com\/?post_type=product&#038;p=54573"},"modified":"2021-08-05T17:33:57","modified_gmt":"2021-08-05T09:33:57","slug":"p30-auriculares-inalambricos-con-microfono-para-android-ios","status":"publish","type":"product","link":"https:\/\/www.mobile-well.com\/es\/producto\/p30-auriculares-inalambricos-con-microfono-para-android-ios\/","title":{"rendered":"P30 Auriculares inal\u00e1mbricos con micr\u00f3fono para Android iOS"},"content":{"rendered":"","protected":false},"excerpt":{"rendered":"<ul>\n<li>Modelo:P30<\/li>\n<li>Auriculares inal\u00e1mbricos Bluetooth inal\u00e1mbricos con micr\u00f3fono<\/li>\n<li>Auriculares para juegos de baja latencia<\/li>\n<li>Auriculares abiertos para emparejamiento IPX5<\/li>\n<li>Deep Bass True Wireless TWS para Android iOS (negro)<\/li>\n<\/ul>\n","protected":false},"featured_media":54586,"template":"","meta":[],"product_brand":[],"product_cat":[3017],"product_tag":[2233,1767,6891,6892],"class_list":{"0":"post-54573","1":"product","2":"type-product","3":"status-publish","4":"has-post-thumbnail","6":"product_cat-auriculares","7":"product_tag-auriculares","8":"product_tag-auriculares-inalambricos","9":"product_tag-auriculares-inalambricos-con-microfono","10":"product_tag-auriculares-para-android-ios","12":"first","13":"instock","14":"shipping-taxable","15":"product-type-simple"},"jetpack_sharing_enabled":true,"_links":{"self":[{"href":"https:\/\/www.mobile-well.com\/es\/wp-json\/wp\/v2\/product\/54573","targetHints":{"allow":["GET"]}}],"collection":[{"href":"https:\/\/www.mobile-well.com\/es\/wp-json\/wp\/v2\/product"}],"about":[{"href":"https:\/\/www.mobile-well.com\/es\/wp-json\/wp\/v2\/types\/product"}],"wp:featuredmedia":[{"embeddable":true,"href":"https:\/\/www.mobile-well.com\/es\/wp-json\/wp\/v2\/media\/54586"}],"wp:attachment":[{"href":"https:\/\/www.mobile-well.com\/es\/wp-json\/wp\/v2\/media?parent=54573"}],"wp:term":[{"taxonomy":"product_brand","embeddable":true,"href":"https:\/\/www.mobile-well.com\/es\/wp-json\/wp\/v2\/product_brand?post=54573"},{"taxonomy":"product_cat","embeddable":true,"href":"https:\/\/www.mobile-well.com\/es\/wp-json\/wp\/v2\/product_cat?post=54573"},{"taxonomy":"product_tag","embeddable":true,"href":"https:\/\/www.mobile-well.com\/es\/wp-json\/wp\/v2\/product_tag?post=54573"}],"curies":[{"name":"wp","href":"https:\/\/api.w.org\/{rel}","templated":true}]}}