{"id":54733,"date":"2021-08-05T18:36:15","date_gmt":"2021-08-05T10:36:15","guid":{"rendered":"https:\/\/www.mobile-well.com\/?post_type=product&#038;p=54733"},"modified":"2021-08-05T18:36:16","modified_gmt":"2021-08-05T10:36:16","slug":"p47-audifonos-inalambricos-con-microfon-con-buena-calidad-de-sonido","status":"publish","type":"product","link":"https:\/\/www.mobile-well.com\/es\/producto\/p47-audifonos-inalambricos-con-microfon-con-buena-calidad-de-sonido\/","title":{"rendered":"P47 Aud\u00edfonos inal\u00e1mbricos con micr\u00f3fon con buena calidad de sonido"},"content":{"rendered":"","protected":false},"excerpt":{"rendered":"<p>P47 Aud\u00edfonos inal\u00e1mbricos con micr\u00f3fon con buena calidad de sonido<\/p>\n","protected":false},"featured_media":54738,"template":"","meta":[],"product_brand":[],"product_cat":[3017],"product_tag":[984,5940,6906],"class_list":{"0":"post-54733","1":"product","2":"type-product","3":"status-publish","4":"has-post-thumbnail","6":"product_cat-auriculares","7":"product_tag-audifonos","8":"product_tag-audifonos-inalambricos","9":"product_tag-audifonos-inalambricos-con-microfon","11":"first","12":"instock","13":"shipping-taxable","14":"product-type-simple"},"jetpack_sharing_enabled":true,"_links":{"self":[{"href":"https:\/\/www.mobile-well.com\/es\/wp-json\/wp\/v2\/product\/54733","targetHints":{"allow":["GET"]}}],"collection":[{"href":"https:\/\/www.mobile-well.com\/es\/wp-json\/wp\/v2\/product"}],"about":[{"href":"https:\/\/www.mobile-well.com\/es\/wp-json\/wp\/v2\/types\/product"}],"wp:featuredmedia":[{"embeddable":true,"href":"https:\/\/www.mobile-well.com\/es\/wp-json\/wp\/v2\/media\/54738"}],"wp:attachment":[{"href":"https:\/\/www.mobile-well.com\/es\/wp-json\/wp\/v2\/media?parent=54733"}],"wp:term":[{"taxonomy":"product_brand","embeddable":true,"href":"https:\/\/www.mobile-well.com\/es\/wp-json\/wp\/v2\/product_brand?post=54733"},{"taxonomy":"product_cat","embeddable":true,"href":"https:\/\/www.mobile-well.com\/es\/wp-json\/wp\/v2\/product_cat?post=54733"},{"taxonomy":"product_tag","embeddable":true,"href":"https:\/\/www.mobile-well.com\/es\/wp-json\/wp\/v2\/product_tag?post=54733"}],"curies":[{"name":"wp","href":"https:\/\/api.w.org\/{rel}","templated":true}]}}