{"id":55088,"date":"2021-08-16T17:23:31","date_gmt":"2021-08-16T09:23:31","guid":{"rendered":"https:\/\/www.mobile-well.com\/?post_type=product&#038;p=55088"},"modified":"2021-08-16T17:23:33","modified_gmt":"2021-08-16T09:23:33","slug":"fundas-2-5mm-tpu-fibra-del-telefono-de-proteccion-de-la-camara-deslizante-para-iphone12promax","status":"publish","type":"product","link":"https:\/\/www.mobile-well.com\/es\/producto\/fundas-2-5mm-tpu-fibra-del-telefono-de-proteccion-de-la-camara-deslizante-para-iphone12promax\/","title":{"rendered":"Fundas 2.5mm TPU+ fibra del tel\u00e9fono de protecci\u00f3n de la c\u00e1mara deslizante Para iPhone12ProMax"},"content":{"rendered":"","protected":false},"excerpt":{"rendered":"<ul>\n<li>MOQ: 200 piezas \/ modelo, 50 piezas \/ color<\/li>\n<li>Material: TPU<\/li>\n<li>Producto N.W: 38,10g<\/li>\n<li>Tama\u00f1o CTN: 60 * 45 * 33cm 500pcs \/ ctn 19.05kg<\/li>\n<\/ul>\n","protected":false},"featured_media":55103,"template":"","meta":[],"product_brand":[],"product_cat":[77],"product_tag":[6634,6928,6927,5761],"class_list":{"0":"post-55088","1":"product","2":"type-product","3":"status-publish","4":"has-post-thumbnail","6":"product_cat-fundas","7":"product_tag-funda-de-proteccion-de-la-camara-deslizante","8":"product_tag-funda-fibra-del-telefono","9":"product_tag-fundas-2-5mm-tpu","10":"product_tag-moq200","12":"first","13":"instock","14":"shipping-taxable","15":"product-type-simple"},"jetpack_sharing_enabled":true,"_links":{"self":[{"href":"https:\/\/www.mobile-well.com\/es\/wp-json\/wp\/v2\/product\/55088","targetHints":{"allow":["GET"]}}],"collection":[{"href":"https:\/\/www.mobile-well.com\/es\/wp-json\/wp\/v2\/product"}],"about":[{"href":"https:\/\/www.mobile-well.com\/es\/wp-json\/wp\/v2\/types\/product"}],"wp:featuredmedia":[{"embeddable":true,"href":"https:\/\/www.mobile-well.com\/es\/wp-json\/wp\/v2\/media\/55103"}],"wp:attachment":[{"href":"https:\/\/www.mobile-well.com\/es\/wp-json\/wp\/v2\/media?parent=55088"}],"wp:term":[{"taxonomy":"product_brand","embeddable":true,"href":"https:\/\/www.mobile-well.com\/es\/wp-json\/wp\/v2\/product_brand?post=55088"},{"taxonomy":"product_cat","embeddable":true,"href":"https:\/\/www.mobile-well.com\/es\/wp-json\/wp\/v2\/product_cat?post=55088"},{"taxonomy":"product_tag","embeddable":true,"href":"https:\/\/www.mobile-well.com\/es\/wp-json\/wp\/v2\/product_tag?post=55088"}],"curies":[{"name":"wp","href":"https:\/\/api.w.org\/{rel}","templated":true}]}}