{"id":55132,"date":"2021-08-17T17:33:02","date_gmt":"2021-08-17T09:33:02","guid":{"rendered":"https:\/\/www.mobile-well.com\/?post_type=product&#038;p=55132"},"modified":"2021-08-17T17:33:04","modified_gmt":"2021-08-17T09:33:04","slug":"fundas-tpu-fibra-con-diseno-del-telefono-de-proteccion-de-la-camara-deslizante-para-iphone13-13mini-13pro-13promax","status":"publish","type":"product","link":"https:\/\/www.mobile-well.com\/es\/producto\/fundas-tpu-fibra-con-diseno-del-telefono-de-proteccion-de-la-camara-deslizante-para-iphone13-13mini-13pro-13promax\/","title":{"rendered":"Fundas TPU+ fibra con  dise\u00f1o del tel\u00e9fono de protecci\u00f3n de la c\u00e1mara deslizante para iPhone13\/13mini\/13Pro\/13ProMax"},"content":{"rendered":"","protected":false},"excerpt":{"rendered":"<ul>\n<li>MOQ: 200 piezas \/ modelo, 50 piezas \/ color<\/li>\n<li>Material: TPU<\/li>\n<li>Producto N.W: 35,00g<\/li>\n<li>Tama\u00f1o CTN: 60 * 45 * 33 cm 500 piezas \/ caja 17,50 kg<\/li>\n<\/ul>\n","protected":false},"featured_media":55139,"template":"","meta":[],"product_brand":[],"product_cat":[77],"product_tag":[6931,6634,6930,5761],"class_list":{"0":"post-55132","1":"product","2":"type-product","3":"status-publish","4":"has-post-thumbnail","6":"product_cat-fundas","7":"product_tag-funda-con-diseno-del-telefono","8":"product_tag-funda-de-proteccion-de-la-camara-deslizante","9":"product_tag-fundas-tpu-fibra","10":"product_tag-moq200","12":"first","13":"instock","14":"shipping-taxable","15":"product-type-simple"},"jetpack_sharing_enabled":true,"_links":{"self":[{"href":"https:\/\/www.mobile-well.com\/es\/wp-json\/wp\/v2\/product\/55132","targetHints":{"allow":["GET"]}}],"collection":[{"href":"https:\/\/www.mobile-well.com\/es\/wp-json\/wp\/v2\/product"}],"about":[{"href":"https:\/\/www.mobile-well.com\/es\/wp-json\/wp\/v2\/types\/product"}],"wp:featuredmedia":[{"embeddable":true,"href":"https:\/\/www.mobile-well.com\/es\/wp-json\/wp\/v2\/media\/55139"}],"wp:attachment":[{"href":"https:\/\/www.mobile-well.com\/es\/wp-json\/wp\/v2\/media?parent=55132"}],"wp:term":[{"taxonomy":"product_brand","embeddable":true,"href":"https:\/\/www.mobile-well.com\/es\/wp-json\/wp\/v2\/product_brand?post=55132"},{"taxonomy":"product_cat","embeddable":true,"href":"https:\/\/www.mobile-well.com\/es\/wp-json\/wp\/v2\/product_cat?post=55132"},{"taxonomy":"product_tag","embeddable":true,"href":"https:\/\/www.mobile-well.com\/es\/wp-json\/wp\/v2\/product_tag?post=55132"}],"curies":[{"name":"wp","href":"https:\/\/api.w.org\/{rel}","templated":true}]}}