{"id":55262,"date":"2021-08-17T17:58:44","date_gmt":"2021-08-17T09:58:44","guid":{"rendered":"https:\/\/www.mobile-well.com\/?post_type=product&#038;p=55262"},"modified":"2021-08-17T17:58:46","modified_gmt":"2021-08-17T09:58:46","slug":"carcasa-para-iphone13-13pro-proteccion-de-lente-deslizante-con-epoxy-brillante-y-corazon-decoracion","status":"publish","type":"product","link":"https:\/\/www.mobile-well.com\/es\/producto\/carcasa-para-iphone13-13pro-proteccion-de-lente-deslizante-con-epoxy-brillante-y-corazon-decoracion\/","title":{"rendered":"Carcasa para iPhone13\/13Pro protecci\u00f3n de lente deslizante con epoxy brillante  y coraz\u00f3n decoraci\u00f3n"},"content":{"rendered":"","protected":false},"excerpt":{"rendered":"<ul>\n<li>MOQ: 200 piezas \/ modelo, 50 piezas \/ color<\/li>\n<li>Material: TPU + acr\u00edlico<\/li>\n<li>Producto N.W: 42,50g<\/li>\n<li>Tama\u00f1o CTN: 60 * 45 * 33 cm 500 piezas \/ caja 21,25 kg<\/li>\n<\/ul>\n","protected":false},"featured_media":55269,"template":"","meta":[],"product_brand":[],"product_cat":[77],"product_tag":[6598,6935,6934,6921,5761],"class_list":{"0":"post-55262","1":"product","2":"type-product","3":"status-publish","4":"has-post-thumbnail","6":"product_cat-fundas","7":"product_tag-carcasa","8":"product_tag-carcasa-con-corazon-decoracion","9":"product_tag-carcasa-con-epoxy-brillante","10":"product_tag-carcasa-proteccion-de-lente-deslizante","11":"product_tag-moq200","13":"first","14":"instock","15":"shipping-taxable","16":"product-type-simple"},"jetpack_sharing_enabled":true,"_links":{"self":[{"href":"https:\/\/www.mobile-well.com\/es\/wp-json\/wp\/v2\/product\/55262","targetHints":{"allow":["GET"]}}],"collection":[{"href":"https:\/\/www.mobile-well.com\/es\/wp-json\/wp\/v2\/product"}],"about":[{"href":"https:\/\/www.mobile-well.com\/es\/wp-json\/wp\/v2\/types\/product"}],"wp:featuredmedia":[{"embeddable":true,"href":"https:\/\/www.mobile-well.com\/es\/wp-json\/wp\/v2\/media\/55269"}],"wp:attachment":[{"href":"https:\/\/www.mobile-well.com\/es\/wp-json\/wp\/v2\/media?parent=55262"}],"wp:term":[{"taxonomy":"product_brand","embeddable":true,"href":"https:\/\/www.mobile-well.com\/es\/wp-json\/wp\/v2\/product_brand?post=55262"},{"taxonomy":"product_cat","embeddable":true,"href":"https:\/\/www.mobile-well.com\/es\/wp-json\/wp\/v2\/product_cat?post=55262"},{"taxonomy":"product_tag","embeddable":true,"href":"https:\/\/www.mobile-well.com\/es\/wp-json\/wp\/v2\/product_tag?post=55262"}],"curies":[{"name":"wp","href":"https:\/\/api.w.org\/{rel}","templated":true}]}}