{"id":55712,"date":"2021-08-27T18:12:53","date_gmt":"2021-08-27T10:12:53","guid":{"rendered":"https:\/\/www.mobile-well.com\/?post_type=product&#038;p=55712"},"modified":"2021-08-27T18:12:54","modified_gmt":"2021-08-27T10:12:54","slug":"55712","status":"publish","type":"product","link":"https:\/\/www.mobile-well.com\/es\/producto\/55712\/","title":{"rendered":"SMS-CJ08 Aud\u00edfonos h\u00edbridos inal\u00e1mbricos con audio de alta resoluci\u00f3n y graves profundos"},"content":{"rendered":"","protected":false},"excerpt":{"rendered":"<ul>\n<li>MODELO: SMS-CJ08<\/li>\n<li>VERSI\u00d3N INAL\u00c1MBRICA: 5.0<\/li>\n<li>FUNCI\u00d3N: ESCUCHAR \\ FM \\ BLUETOOTH \\ FM \\ MP3<\/li>\n<li>DISTANCIA DE COMUNICACI\u00d3N: 10-15 M<\/li>\n<li>TIEMPO DE TRABAJO CONTINUO: 3-4H<\/li>\n<li>TIEMPO DE CARGA: 1-2H<\/li>\n<li>TIEMPO EN ESPERA: 11H<\/li>\n<li>CAPIACIDAD DE LA BATER\u00cdA: 200 MAH<\/li>\n<\/ul>\n","protected":false},"featured_media":55727,"template":"","meta":[],"product_brand":[],"product_cat":[3017],"product_tag":[6964,5940],"class_list":{"0":"post-55712","1":"product","2":"type-product","3":"status-publish","4":"has-post-thumbnail","6":"product_cat-auriculares","7":"product_tag-audifonos-hibridos-inalambricos","8":"product_tag-audifonos-inalambricos","10":"first","11":"instock","12":"shipping-taxable","13":"product-type-simple"},"jetpack_sharing_enabled":true,"_links":{"self":[{"href":"https:\/\/www.mobile-well.com\/es\/wp-json\/wp\/v2\/product\/55712","targetHints":{"allow":["GET"]}}],"collection":[{"href":"https:\/\/www.mobile-well.com\/es\/wp-json\/wp\/v2\/product"}],"about":[{"href":"https:\/\/www.mobile-well.com\/es\/wp-json\/wp\/v2\/types\/product"}],"wp:featuredmedia":[{"embeddable":true,"href":"https:\/\/www.mobile-well.com\/es\/wp-json\/wp\/v2\/media\/55727"}],"wp:attachment":[{"href":"https:\/\/www.mobile-well.com\/es\/wp-json\/wp\/v2\/media?parent=55712"}],"wp:term":[{"taxonomy":"product_brand","embeddable":true,"href":"https:\/\/www.mobile-well.com\/es\/wp-json\/wp\/v2\/product_brand?post=55712"},{"taxonomy":"product_cat","embeddable":true,"href":"https:\/\/www.mobile-well.com\/es\/wp-json\/wp\/v2\/product_cat?post=55712"},{"taxonomy":"product_tag","embeddable":true,"href":"https:\/\/www.mobile-well.com\/es\/wp-json\/wp\/v2\/product_tag?post=55712"}],"curies":[{"name":"wp","href":"https:\/\/api.w.org\/{rel}","templated":true}]}}