{"id":55769,"date":"2021-08-31T17:34:48","date_gmt":"2021-08-31T09:34:48","guid":{"rendered":"https:\/\/www.mobile-well.com\/?post_type=product&#038;p=55769"},"modified":"2021-08-31T17:34:49","modified_gmt":"2021-08-31T09:34:49","slug":"hz-bt366-audifonos-hibridos-inalambricos-con-tiempo-de-reproduccion-de-10-horas-7-color-led","status":"publish","type":"product","link":"https:\/\/www.mobile-well.com\/es\/producto\/hz-bt366-audifonos-hibridos-inalambricos-con-tiempo-de-reproduccion-de-10-horas-7-color-led\/","title":{"rendered":"HZ-BT366 aud\u00edfonos h\u00edbridos inal\u00e1mbricos, con tiempo de reproducci\u00f3n de 10 horas 7-color LED"},"content":{"rendered":"","protected":false},"excerpt":{"rendered":"<ul>\n<li>Distancia efectiva: 10 m<\/li>\n<li>Horas de trabajo: alrededor de 10 ~ 12 horas<\/li>\n<li>Tiempo de carga: alrededor de 3 horas.<\/li>\n<li>Tiempo en espera: alrededor de 200 horas.<\/li>\n<li>Capacidad de la bater\u00eda: 400 mAh.<\/li>\n<li>Voltaje de entrada de carga: 3,7 V-5 V CC<\/li>\n<li>Frecuencia de Bluetooth: 2.402-2.480GHz<\/li>\n<li>Di\u00e1metros de enchufe: 40 mm<\/li>\n<li>Energ\u00eda: 32\u03a9 10mW * 2<\/li>\n<li>Respuesta de frecuencia: 120 ~ 20000Hz<\/li>\n<li>Especificaci\u00f3n inal\u00e1mbrica: inal\u00e1mbrica V5.0<\/li>\n<li>Protocolos admitidos: A2DP, AVRCP, HSP, HFP<\/li>\n<li>Producto N.W: 155g<\/li>\n<\/ul>\n","protected":false},"featured_media":55774,"template":"","meta":[],"product_brand":[],"product_cat":[3017],"product_tag":[984,6964,5940,6970],"class_list":{"0":"post-55769","1":"product","2":"type-product","3":"status-publish","4":"has-post-thumbnail","6":"product_cat-auriculares","7":"product_tag-audifonos","8":"product_tag-audifonos-hibridos-inalambricos","9":"product_tag-audifonos-inalambricos","10":"product_tag-audifonos-inalambricos-con-led","12":"first","13":"instock","14":"shipping-taxable","15":"product-type-simple"},"jetpack_sharing_enabled":true,"_links":{"self":[{"href":"https:\/\/www.mobile-well.com\/es\/wp-json\/wp\/v2\/product\/55769","targetHints":{"allow":["GET"]}}],"collection":[{"href":"https:\/\/www.mobile-well.com\/es\/wp-json\/wp\/v2\/product"}],"about":[{"href":"https:\/\/www.mobile-well.com\/es\/wp-json\/wp\/v2\/types\/product"}],"wp:featuredmedia":[{"embeddable":true,"href":"https:\/\/www.mobile-well.com\/es\/wp-json\/wp\/v2\/media\/55774"}],"wp:attachment":[{"href":"https:\/\/www.mobile-well.com\/es\/wp-json\/wp\/v2\/media?parent=55769"}],"wp:term":[{"taxonomy":"product_brand","embeddable":true,"href":"https:\/\/www.mobile-well.com\/es\/wp-json\/wp\/v2\/product_brand?post=55769"},{"taxonomy":"product_cat","embeddable":true,"href":"https:\/\/www.mobile-well.com\/es\/wp-json\/wp\/v2\/product_cat?post=55769"},{"taxonomy":"product_tag","embeddable":true,"href":"https:\/\/www.mobile-well.com\/es\/wp-json\/wp\/v2\/product_tag?post=55769"}],"curies":[{"name":"wp","href":"https:\/\/api.w.org\/{rel}","templated":true}]}}