{"id":56013,"date":"2021-09-08T15:42:20","date_gmt":"2021-09-08T07:42:20","guid":{"rendered":"https:\/\/www.mobile-well.com\/?post_type=product&#038;p=56013"},"modified":"2021-09-08T15:42:22","modified_gmt":"2021-09-08T07:42:22","slug":"cable-usb-a-de-macaron-colors-carga-rapida-de-2-4a-con-diseno-de-aleacion-de-aluminio","status":"publish","type":"product","link":"https:\/\/www.mobile-well.com\/es\/producto\/cable-usb-a-de-macaron-colors-carga-rapida-de-2-4a-con-diseno-de-aleacion-de-aluminio\/","title":{"rendered":"Cable USB-A de macaron colors, carga r\u00e1pida de 2.4A con dise\u00f1o de aleaci\u00f3n de aluminio"},"content":{"rendered":"","protected":false},"excerpt":{"rendered":"<ul>\n<li>Material: TPE<\/li>\n<li>Longitud: 1 m<\/li>\n<li>Salida: 2,4 A<\/li>\n<li>Carga: 55 * 2<\/li>\n<li>Datos: 15 * 2<\/li>\n<li>Color: como imagen<\/li>\n<li>Comprar minima:6000 piezas<\/li>\n<\/ul>\n","protected":false},"featured_media":56018,"template":"","meta":[],"product_brand":[],"product_cat":[79],"product_tag":[5636,6987,6975,6986,6896],"class_list":{"0":"post-56013","1":"product","2":"type-product","3":"status-publish","4":"has-post-thumbnail","6":"product_cat-cables","7":"product_tag-cable-carga-rapida","8":"product_tag-cable-de-2-4a","9":"product_tag-cable-de-aleacion-de-aluminio","10":"product_tag-cable-de-macaron-colors","11":"product_tag-cable-usb-a","13":"first","14":"instock","15":"shipping-taxable","16":"product-type-simple"},"jetpack_sharing_enabled":true,"_links":{"self":[{"href":"https:\/\/www.mobile-well.com\/es\/wp-json\/wp\/v2\/product\/56013","targetHints":{"allow":["GET"]}}],"collection":[{"href":"https:\/\/www.mobile-well.com\/es\/wp-json\/wp\/v2\/product"}],"about":[{"href":"https:\/\/www.mobile-well.com\/es\/wp-json\/wp\/v2\/types\/product"}],"wp:featuredmedia":[{"embeddable":true,"href":"https:\/\/www.mobile-well.com\/es\/wp-json\/wp\/v2\/media\/56018"}],"wp:attachment":[{"href":"https:\/\/www.mobile-well.com\/es\/wp-json\/wp\/v2\/media?parent=56013"}],"wp:term":[{"taxonomy":"product_brand","embeddable":true,"href":"https:\/\/www.mobile-well.com\/es\/wp-json\/wp\/v2\/product_brand?post=56013"},{"taxonomy":"product_cat","embeddable":true,"href":"https:\/\/www.mobile-well.com\/es\/wp-json\/wp\/v2\/product_cat?post=56013"},{"taxonomy":"product_tag","embeddable":true,"href":"https:\/\/www.mobile-well.com\/es\/wp-json\/wp\/v2\/product_tag?post=56013"}],"curies":[{"name":"wp","href":"https:\/\/api.w.org\/{rel}","templated":true}]}}