{"id":56382,"date":"2021-09-25T17:07:17","date_gmt":"2021-09-25T09:07:17","guid":{"rendered":"https:\/\/www.mobile-well.com\/?post_type=product&#038;p=56382"},"modified":"2021-09-25T17:07:19","modified_gmt":"2021-09-25T09:07:19","slug":"cable-usb-3-en-1-anti-rotura-de-aleacion-de-aluminio-2-2a","status":"publish","type":"product","link":"https:\/\/www.mobile-well.com\/es\/producto\/cable-usb-3-en-1-anti-rotura-de-aleacion-de-aluminio-2-2a\/","title":{"rendered":"Cable USB 3 en 1 anti-rotura de aleaci\u00f3n de aluminio 2.2A"},"content":{"rendered":"","protected":false},"excerpt":{"rendered":"<ul>\n<li>Nombre: cable USB de datos tejido 3 en 1<\/li>\n<li>Salida: 2,2 A m\u00e1x.<\/li>\n<li>Material: Conector de aleaci\u00f3n de aluminio trenzado de algod\u00f3n y nailon<\/li>\n<li>Longitud del cable: 120 cm<\/li>\n<li>Funci\u00f3n: carga r\u00e1pida 3 en 1 (sin transmisi\u00f3n de datos)<\/li>\n<\/ul>\n","protected":false},"featured_media":56391,"template":"","meta":[],"product_brand":[],"product_cat":[79],"product_tag":[7022,6975,3786,4147],"class_list":{"0":"post-56382","1":"product","2":"type-product","3":"status-publish","4":"has-post-thumbnail","6":"product_cat-cables","7":"product_tag-cable-anti-rotura","8":"product_tag-cable-de-aleacion-de-aluminio","9":"product_tag-cable-usb","10":"product_tag-cable-usb-3-en-1","12":"first","13":"instock","14":"shipping-taxable","15":"product-type-simple"},"jetpack_sharing_enabled":true,"_links":{"self":[{"href":"https:\/\/www.mobile-well.com\/es\/wp-json\/wp\/v2\/product\/56382","targetHints":{"allow":["GET"]}}],"collection":[{"href":"https:\/\/www.mobile-well.com\/es\/wp-json\/wp\/v2\/product"}],"about":[{"href":"https:\/\/www.mobile-well.com\/es\/wp-json\/wp\/v2\/types\/product"}],"wp:featuredmedia":[{"embeddable":true,"href":"https:\/\/www.mobile-well.com\/es\/wp-json\/wp\/v2\/media\/56391"}],"wp:attachment":[{"href":"https:\/\/www.mobile-well.com\/es\/wp-json\/wp\/v2\/media?parent=56382"}],"wp:term":[{"taxonomy":"product_brand","embeddable":true,"href":"https:\/\/www.mobile-well.com\/es\/wp-json\/wp\/v2\/product_brand?post=56382"},{"taxonomy":"product_cat","embeddable":true,"href":"https:\/\/www.mobile-well.com\/es\/wp-json\/wp\/v2\/product_cat?post=56382"},{"taxonomy":"product_tag","embeddable":true,"href":"https:\/\/www.mobile-well.com\/es\/wp-json\/wp\/v2\/product_tag?post=56382"}],"curies":[{"name":"wp","href":"https:\/\/api.w.org\/{rel}","templated":true}]}}