{"id":56973,"date":"2021-10-08T14:51:27","date_gmt":"2021-10-08T06:51:27","guid":{"rendered":"https:\/\/www.mobile-well.com\/?post_type=product&#038;p=56973"},"modified":"2021-10-09T17:58:54","modified_gmt":"2021-10-09T09:58:54","slug":"usb-c-car-charger-95w-pps-pd-65w-30w-type-c-super-fast-charging-qc-3-0-30w-cigarette-lighter-adapter-con-led-azul","status":"publish","type":"product","link":"https:\/\/www.mobile-well.com\/es\/producto\/usb-c-car-charger-95w-pps-pd-65w-30w-type-c-super-fast-charging-qc-3-0-30w-cigarette-lighter-adapter-con-led-azul\/","title":{"rendered":"USB C Car Charger 95W, PPS PD 65W 30W Type C Super Fast Charging QC 3.0 30W Cigarette Lighter Adapter, con LED azul"},"content":{"rendered":"","protected":false},"excerpt":{"rendered":"<ul>\n<li>QC3.0 de 3 puertos 30 W + PD 30 W + PD 65 W<\/li>\n<li>Entrada: DC12-24V<\/li>\n<li>Salida (A1 QC3.0 30W): 5V3A 9V3A 12V2.5A<br \/>\nSalida (USB-C # C2 30W): 5V3A 9V3A 12V2.5A<br \/>\nPPS: 3.3-11V \/ 3A<br \/>\nSalida (USB-C # C1 65W): 5V \/ 3A, 9V \/ 3A, 12V \/ 3A, 15V \/ 3A, 20V \/ 3.25A<br \/>\nPPS: 3.3-11V \/ 3A, 3.3-21V \/ 3.25A<\/li>\n<li>C1 + A1 = 65 W + 30 W = 95 W<\/li>\n<li>C1 + C2 = 65W + 30W = 95W<\/li>\n<li>A1 + C2 = 24 W m\u00e1x. A1 + C2 + C1 = 24 W + 65 W = 89 W m\u00e1x.<\/li>\n<li>Color: OEM negro<\/li>\n<li>Material de la carcasa: aleaci\u00f3n de aluminio para la caja del cuerpo m\u00e1s PC de pl\u00e1stico mate a prueba de fuego para la caja del cuerpo<\/li>\n<li>Tama\u00f1o: 75 * 34 mm<\/li>\n<\/ul>\n","protected":false},"featured_media":56984,"template":"","meta":[],"product_brand":[],"product_cat":[76],"product_tag":[7069,7073,7072,7071,7070,7068],"class_list":{"0":"post-56973","1":"product","2":"type-product","3":"status-publish","4":"has-post-thumbnail","6":"product_cat-cargadores","7":"product_tag-95w-charger","8":"product_tag-car-charger-con-led-azul","9":"product_tag-cigarette-lighter-adapter","10":"product_tag-super-fast-charging-chrger","11":"product_tag-type-c-charger","12":"product_tag-usb-c-car-charger","14":"first","15":"instock","16":"shipping-taxable","17":"product-type-simple"},"jetpack_sharing_enabled":true,"_links":{"self":[{"href":"https:\/\/www.mobile-well.com\/es\/wp-json\/wp\/v2\/product\/56973","targetHints":{"allow":["GET"]}}],"collection":[{"href":"https:\/\/www.mobile-well.com\/es\/wp-json\/wp\/v2\/product"}],"about":[{"href":"https:\/\/www.mobile-well.com\/es\/wp-json\/wp\/v2\/types\/product"}],"wp:featuredmedia":[{"embeddable":true,"href":"https:\/\/www.mobile-well.com\/es\/wp-json\/wp\/v2\/media\/56984"}],"wp:attachment":[{"href":"https:\/\/www.mobile-well.com\/es\/wp-json\/wp\/v2\/media?parent=56973"}],"wp:term":[{"taxonomy":"product_brand","embeddable":true,"href":"https:\/\/www.mobile-well.com\/es\/wp-json\/wp\/v2\/product_brand?post=56973"},{"taxonomy":"product_cat","embeddable":true,"href":"https:\/\/www.mobile-well.com\/es\/wp-json\/wp\/v2\/product_cat?post=56973"},{"taxonomy":"product_tag","embeddable":true,"href":"https:\/\/www.mobile-well.com\/es\/wp-json\/wp\/v2\/product_tag?post=56973"}],"curies":[{"name":"wp","href":"https:\/\/api.w.org\/{rel}","templated":true}]}}