{"id":57111,"date":"2021-10-21T15:22:29","date_gmt":"2021-10-21T07:22:29","guid":{"rendered":"https:\/\/www.mobile-well.com\/?post_type=product&#038;p=57111"},"modified":"2021-10-21T15:22:30","modified_gmt":"2021-10-21T07:22:30","slug":"cable-de-carga-rapido-retractil-multiple-de-2-4-a-cable-de-carga-usb-3-en-1-para-ip-tipo-c-micro-usb-2","status":"publish","type":"product","link":"https:\/\/www.mobile-well.com\/es\/producto\/cable-de-carga-rapido-retractil-multiple-de-2-4-a-cable-de-carga-usb-3-en-1-para-ip-tipo-c-micro-usb-2\/","title":{"rendered":"Cable de carga r\u00e1pido retr\u00e1ctil m\u00faltiple de 2.4 A,  cable de carga USB 3 en 1 para IP\/Tipo-C\/Micro-USB"},"content":{"rendered":"","protected":false},"excerpt":{"rendered":"<ul>\n<li>Salida m\u00e1xima: 2,4 A<\/li>\n<li>Material: TPE<\/li>\n<li>Largo: 20.5-110cm<\/li>\n<li>Alambres de cobre: 120 piezas<\/li>\n<li>Funci\u00f3n: carga (sin transferencia de datos)<\/li>\n<li>Colores: rojo, negro, verde, amarillo, morado, rosa.<\/li>\n<\/ul>\n","protected":false},"featured_media":57112,"template":"","meta":[],"product_brand":[],"product_cat":[79],"product_tag":[6585,7086,3704,7028,7030],"class_list":{"0":"post-57111","1":"product","2":"type-product","3":"status-publish","4":"has-post-thumbnail","6":"product_cat-cables","7":"product_tag-cable-es","8":"product_tag-cable-3-en-1","9":"product_tag-cable-de-carga-rapido","10":"product_tag-cable-de-carga-rapido-retractil","11":"product_tag-cable-de-carga-usb","13":"first","14":"instock","15":"shipping-taxable","16":"product-type-simple"},"jetpack_sharing_enabled":true,"_links":{"self":[{"href":"https:\/\/www.mobile-well.com\/es\/wp-json\/wp\/v2\/product\/57111","targetHints":{"allow":["GET"]}}],"collection":[{"href":"https:\/\/www.mobile-well.com\/es\/wp-json\/wp\/v2\/product"}],"about":[{"href":"https:\/\/www.mobile-well.com\/es\/wp-json\/wp\/v2\/types\/product"}],"wp:featuredmedia":[{"embeddable":true,"href":"https:\/\/www.mobile-well.com\/es\/wp-json\/wp\/v2\/media\/57112"}],"wp:attachment":[{"href":"https:\/\/www.mobile-well.com\/es\/wp-json\/wp\/v2\/media?parent=57111"}],"wp:term":[{"taxonomy":"product_brand","embeddable":true,"href":"https:\/\/www.mobile-well.com\/es\/wp-json\/wp\/v2\/product_brand?post=57111"},{"taxonomy":"product_cat","embeddable":true,"href":"https:\/\/www.mobile-well.com\/es\/wp-json\/wp\/v2\/product_cat?post=57111"},{"taxonomy":"product_tag","embeddable":true,"href":"https:\/\/www.mobile-well.com\/es\/wp-json\/wp\/v2\/product_tag?post=57111"}],"curies":[{"name":"wp","href":"https:\/\/api.w.org\/{rel}","templated":true}]}}