{"id":57144,"date":"2021-10-22T16:51:05","date_gmt":"2021-10-22T08:51:05","guid":{"rendered":"https:\/\/www.mobile-well.com\/?post_type=product&#038;p=57144"},"modified":"2021-10-22T16:53:33","modified_gmt":"2021-10-22T08:53:33","slug":"tpupc-carcasa-transparente-con-diseno-de-epoxy-para-iphone13-13pro","status":"publish","type":"product","link":"https:\/\/www.mobile-well.com\/es\/producto\/tpupc-carcasa-transparente-con-diseno-de-epoxy-para-iphone13-13pro\/","title":{"rendered":"TPU+PC Carcasa transparente con dise\u00f1o de epoxy para iPhone13\/13Pro"},"content":{"rendered":"","protected":false},"excerpt":{"rendered":"<ul>\n<li>Material: TPU + acr\u00edlico<\/li>\n<li>MOQ: 200piezas \/ modelo, 50piezas \/ color<\/li>\n<li>Color: como cuadro<\/li>\n<li>Modelo: Cont\u00e1ctenos r\u00e1pidamente para obtener el cat\u00e1logo.<\/li>\n<\/ul>\n","protected":false},"featured_media":57163,"template":"","meta":[],"product_brand":[],"product_cat":[77],"product_tag":[7089,7088,5390,5761],"class_list":{"0":"post-57144","1":"product","2":"type-product","3":"status-publish","4":"has-post-thumbnail","6":"product_cat-fundas","7":"product_tag-carcasa-con-diseno-de-epoxy","8":"product_tag-carcasa-transparente","9":"product_tag-fundas-tpupc","10":"product_tag-moq200","12":"first","13":"instock","14":"shipping-taxable","15":"product-type-simple"},"jetpack_sharing_enabled":true,"_links":{"self":[{"href":"https:\/\/www.mobile-well.com\/es\/wp-json\/wp\/v2\/product\/57144","targetHints":{"allow":["GET"]}}],"collection":[{"href":"https:\/\/www.mobile-well.com\/es\/wp-json\/wp\/v2\/product"}],"about":[{"href":"https:\/\/www.mobile-well.com\/es\/wp-json\/wp\/v2\/types\/product"}],"wp:featuredmedia":[{"embeddable":true,"href":"https:\/\/www.mobile-well.com\/es\/wp-json\/wp\/v2\/media\/57163"}],"wp:attachment":[{"href":"https:\/\/www.mobile-well.com\/es\/wp-json\/wp\/v2\/media?parent=57144"}],"wp:term":[{"taxonomy":"product_brand","embeddable":true,"href":"https:\/\/www.mobile-well.com\/es\/wp-json\/wp\/v2\/product_brand?post=57144"},{"taxonomy":"product_cat","embeddable":true,"href":"https:\/\/www.mobile-well.com\/es\/wp-json\/wp\/v2\/product_cat?post=57144"},{"taxonomy":"product_tag","embeddable":true,"href":"https:\/\/www.mobile-well.com\/es\/wp-json\/wp\/v2\/product_tag?post=57144"}],"curies":[{"name":"wp","href":"https:\/\/api.w.org\/{rel}","templated":true}]}}