{"id":57612,"date":"2021-10-29T15:54:26","date_gmt":"2021-10-29T07:54:26","guid":{"rendered":"https:\/\/www.mobile-well.com\/?post_type=product&#038;p=57612"},"modified":"2021-10-29T15:54:27","modified_gmt":"2021-10-29T07:54:27","slug":"funda-proteccion-de-lente-deslizante-anti-choque-tpupc-y-ranura-de-sacar-tarjeta-facilmente-para-iphone13pro","status":"publish","type":"product","link":"https:\/\/www.mobile-well.com\/es\/producto\/funda-proteccion-de-lente-deslizante-anti-choque-tpupc-y-ranura-de-sacar-tarjeta-facilmente-para-iphone13pro\/","title":{"rendered":"Funda Protecci\u00f3n De Lente Deslizante Anti-Choque TPU+PC Y Ranura De Sacar Tarjeta F\u00e1cilmente Para iPhone13Pro"},"content":{"rendered":"","protected":false},"excerpt":{"rendered":"<ul>\n<li>MOQ: 200 piezas \/ modelo, 20 piezas \/ color<\/li>\n<li>Material: TPU + PC<\/li>\n<li>Color: como imagen<\/li>\n<li>Modelo: Cont\u00e1ctenos r\u00e1pidamente para colocar el cat\u00e1logo.<\/li>\n<\/ul>\n","protected":false},"featured_media":57598,"template":"","meta":[],"product_brand":[],"product_cat":[77],"product_tag":[6224,7102,6932,2773],"class_list":{"0":"post-57612","1":"product","2":"type-product","3":"status-publish","4":"has-post-thumbnail","6":"product_cat-fundas","7":"product_tag-funda-anti-choque","8":"product_tag-funda-con-ranura-de-sacar-tarjeta-facilmente","9":"product_tag-funda-proteccion-de-lente-deslizante","10":"product_tag-funda-tpupc","12":"first","13":"instock","14":"shipping-taxable","15":"product-type-simple"},"jetpack_sharing_enabled":true,"_links":{"self":[{"href":"https:\/\/www.mobile-well.com\/es\/wp-json\/wp\/v2\/product\/57612","targetHints":{"allow":["GET"]}}],"collection":[{"href":"https:\/\/www.mobile-well.com\/es\/wp-json\/wp\/v2\/product"}],"about":[{"href":"https:\/\/www.mobile-well.com\/es\/wp-json\/wp\/v2\/types\/product"}],"wp:featuredmedia":[{"embeddable":true,"href":"https:\/\/www.mobile-well.com\/es\/wp-json\/wp\/v2\/media\/57598"}],"wp:attachment":[{"href":"https:\/\/www.mobile-well.com\/es\/wp-json\/wp\/v2\/media?parent=57612"}],"wp:term":[{"taxonomy":"product_brand","embeddable":true,"href":"https:\/\/www.mobile-well.com\/es\/wp-json\/wp\/v2\/product_brand?post=57612"},{"taxonomy":"product_cat","embeddable":true,"href":"https:\/\/www.mobile-well.com\/es\/wp-json\/wp\/v2\/product_cat?post=57612"},{"taxonomy":"product_tag","embeddable":true,"href":"https:\/\/www.mobile-well.com\/es\/wp-json\/wp\/v2\/product_tag?post=57612"}],"curies":[{"name":"wp","href":"https:\/\/api.w.org\/{rel}","templated":true}]}}