{"id":57633,"date":"2021-10-29T16:20:55","date_gmt":"2021-10-29T08:20:55","guid":{"rendered":"https:\/\/www.mobile-well.com\/?post_type=product&#038;p=57633"},"modified":"2021-10-29T16:20:57","modified_gmt":"2021-10-29T08:20:57","slug":"funda-6d-proteccion-de-lente-deslizante-anti-choque-tpupc-para-iphone13-13pro","status":"publish","type":"product","link":"https:\/\/www.mobile-well.com\/es\/producto\/funda-6d-proteccion-de-lente-deslizante-anti-choque-tpupc-para-iphone13-13pro\/","title":{"rendered":"Funda 6D Protecci\u00f3n De Lente Deslizante Anti-Choque TPU+PC Para iPhone13\/13Pro"},"content":{"rendered":"","protected":false},"excerpt":{"rendered":"<ul>\n<li>MOQ: 100 piezas \/ modelo, 20 piezas \/ color<\/li>\n<li>Material: TPU + PC<\/li>\n<li>Color: como imagen<\/li>\n<li>Modelo: Cont\u00e1ctenos r\u00e1pidamente para colocar el cat\u00e1logo.<\/li>\n<\/ul>\n","protected":false},"featured_media":57634,"template":"","meta":[],"product_brand":[],"product_cat":[77],"product_tag":[7103,6224,2773,5738],"class_list":{"0":"post-57633","1":"product","2":"type-product","3":"status-publish","4":"has-post-thumbnail","6":"product_cat-fundas","7":"product_tag-funda-6d-proteccion-de-lente-deslizante","8":"product_tag-funda-anti-choque","9":"product_tag-funda-tpupc","10":"product_tag-moq100","12":"first","13":"instock","14":"shipping-taxable","15":"product-type-simple"},"jetpack_sharing_enabled":true,"_links":{"self":[{"href":"https:\/\/www.mobile-well.com\/es\/wp-json\/wp\/v2\/product\/57633","targetHints":{"allow":["GET"]}}],"collection":[{"href":"https:\/\/www.mobile-well.com\/es\/wp-json\/wp\/v2\/product"}],"about":[{"href":"https:\/\/www.mobile-well.com\/es\/wp-json\/wp\/v2\/types\/product"}],"wp:featuredmedia":[{"embeddable":true,"href":"https:\/\/www.mobile-well.com\/es\/wp-json\/wp\/v2\/media\/57634"}],"wp:attachment":[{"href":"https:\/\/www.mobile-well.com\/es\/wp-json\/wp\/v2\/media?parent=57633"}],"wp:term":[{"taxonomy":"product_brand","embeddable":true,"href":"https:\/\/www.mobile-well.com\/es\/wp-json\/wp\/v2\/product_brand?post=57633"},{"taxonomy":"product_cat","embeddable":true,"href":"https:\/\/www.mobile-well.com\/es\/wp-json\/wp\/v2\/product_cat?post=57633"},{"taxonomy":"product_tag","embeddable":true,"href":"https:\/\/www.mobile-well.com\/es\/wp-json\/wp\/v2\/product_tag?post=57633"}],"curies":[{"name":"wp","href":"https:\/\/api.w.org\/{rel}","templated":true}]}}