{"id":57931,"date":"2021-11-02T17:13:22","date_gmt":"2021-11-02T09:13:22","guid":{"rendered":"https:\/\/www.mobile-well.com\/?post_type=product&#038;p=57931"},"modified":"2021-11-02T17:13:22","modified_gmt":"2021-11-02T09:13:22","slug":"cable-de-carga-rapido-retractil-multiple-de-2-4-a-para-ip-tipo-c-micro-usb","status":"publish","type":"product","link":"https:\/\/www.mobile-well.com\/es\/producto\/cable-de-carga-rapido-retractil-multiple-de-2-4-a-para-ip-tipo-c-micro-usb\/","title":{"rendered":"Cable de carga r\u00e1pido retr\u00e1ctil m\u00faltiple de 2.4 A para IP\/Tipo-C\/Micro-USB"},"content":{"rendered":"","protected":false},"excerpt":{"rendered":"<ul>\n<li>Salida m\u00e1xima: 2,4 A<\/li>\n<li>Longitud del cable: 22-120 cm<\/li>\n<li>Alambres de cobre: 120 piezas<\/li>\n<li>Material del cable: TPE<\/li>\n<li>Funci\u00f3n: carga (sin transferencia de datos)<\/li>\n<li>Color: rojo, negro, amarillo, verde, morado, rosa.<\/li>\n<\/ul>\n","protected":false},"featured_media":57928,"template":"","meta":[],"product_brand":[],"product_cat":[79],"product_tag":[7029,5789,3704,7028,4147],"class_list":{"0":"post-57931","1":"product","2":"type-product","3":"status-publish","4":"has-post-thumbnail","6":"product_cat-cables","7":"product_tag-cable-de-2-4-a","8":"product_tag-cable-de-carga","9":"product_tag-cable-de-carga-rapido","10":"product_tag-cable-de-carga-rapido-retractil","11":"product_tag-cable-usb-3-en-1","13":"first","14":"instock","15":"shipping-taxable","16":"product-type-simple"},"jetpack_sharing_enabled":true,"_links":{"self":[{"href":"https:\/\/www.mobile-well.com\/es\/wp-json\/wp\/v2\/product\/57931","targetHints":{"allow":["GET"]}}],"collection":[{"href":"https:\/\/www.mobile-well.com\/es\/wp-json\/wp\/v2\/product"}],"about":[{"href":"https:\/\/www.mobile-well.com\/es\/wp-json\/wp\/v2\/types\/product"}],"wp:featuredmedia":[{"embeddable":true,"href":"https:\/\/www.mobile-well.com\/es\/wp-json\/wp\/v2\/media\/57928"}],"wp:attachment":[{"href":"https:\/\/www.mobile-well.com\/es\/wp-json\/wp\/v2\/media?parent=57931"}],"wp:term":[{"taxonomy":"product_brand","embeddable":true,"href":"https:\/\/www.mobile-well.com\/es\/wp-json\/wp\/v2\/product_brand?post=57931"},{"taxonomy":"product_cat","embeddable":true,"href":"https:\/\/www.mobile-well.com\/es\/wp-json\/wp\/v2\/product_cat?post=57931"},{"taxonomy":"product_tag","embeddable":true,"href":"https:\/\/www.mobile-well.com\/es\/wp-json\/wp\/v2\/product_tag?post=57931"}],"curies":[{"name":"wp","href":"https:\/\/api.w.org\/{rel}","templated":true}]}}