{"id":58127,"date":"2021-11-03T16:36:14","date_gmt":"2021-11-03T08:36:14","guid":{"rendered":"https:\/\/www.mobile-well.com\/?post_type=product&#038;p=58127"},"modified":"2021-11-03T16:36:17","modified_gmt":"2021-11-03T08:36:17","slug":"2-4a-led-luz-nylon-trenzado-cable-usb-de-datos-rapida-identificacion-inteligente-del-estado-de-carga-rapida","status":"publish","type":"product","link":"https:\/\/www.mobile-well.com\/es\/producto\/2-4a-led-luz-nylon-trenzado-cable-usb-de-datos-rapida-identificacion-inteligente-del-estado-de-carga-rapida\/","title":{"rendered":"2.4A LED luz nylon trenzado cable USB de datos r\u00e1pida, identificaci\u00f3n inteligente del estado de carga r\u00e1pida"},"content":{"rendered":"","protected":false},"excerpt":{"rendered":"<ul>\n<li>Longitud: 1 m<\/li>\n<li>Material: alambre de nailon tejido<\/li>\n<li>Corriente: 2.4A<\/li>\n<li>Funci\u00f3n: carga r\u00e1pida + transmisi\u00f3n de datos<\/li>\n<\/ul>\n","protected":false},"featured_media":58125,"template":"","meta":[],"product_brand":[],"product_cat":[79],"product_tag":[7124,7123,3786,7122,7115],"class_list":{"0":"post-58127","1":"product","2":"type-product","3":"status-publish","4":"has-post-thumbnail","6":"product_cat-cables","7":"product_tag-2-4a-cable","8":"product_tag-cable-de-datos-rapida","9":"product_tag-cable-usb","10":"product_tag-led-luz-cable","11":"product_tag-nylon-trenzado-cable","13":"first","14":"instock","15":"shipping-taxable","16":"product-type-simple"},"jetpack_sharing_enabled":true,"_links":{"self":[{"href":"https:\/\/www.mobile-well.com\/es\/wp-json\/wp\/v2\/product\/58127","targetHints":{"allow":["GET"]}}],"collection":[{"href":"https:\/\/www.mobile-well.com\/es\/wp-json\/wp\/v2\/product"}],"about":[{"href":"https:\/\/www.mobile-well.com\/es\/wp-json\/wp\/v2\/types\/product"}],"wp:featuredmedia":[{"embeddable":true,"href":"https:\/\/www.mobile-well.com\/es\/wp-json\/wp\/v2\/media\/58125"}],"wp:attachment":[{"href":"https:\/\/www.mobile-well.com\/es\/wp-json\/wp\/v2\/media?parent=58127"}],"wp:term":[{"taxonomy":"product_brand","embeddable":true,"href":"https:\/\/www.mobile-well.com\/es\/wp-json\/wp\/v2\/product_brand?post=58127"},{"taxonomy":"product_cat","embeddable":true,"href":"https:\/\/www.mobile-well.com\/es\/wp-json\/wp\/v2\/product_cat?post=58127"},{"taxonomy":"product_tag","embeddable":true,"href":"https:\/\/www.mobile-well.com\/es\/wp-json\/wp\/v2\/product_tag?post=58127"}],"curies":[{"name":"wp","href":"https:\/\/api.w.org\/{rel}","templated":true}]}}