{"id":58498,"date":"2021-11-22T15:52:29","date_gmt":"2021-11-22T07:52:29","guid":{"rendered":"https:\/\/www.mobile-well.com\/?post_type=product&#038;p=58498"},"modified":"2021-11-22T15:53:36","modified_gmt":"2021-11-22T07:53:36","slug":"carcasa-resistente-con-clip-para-cinturon-con-funcion-atril-y-ranura-de-sacar-tarjeta-para-iphone13promax","status":"publish","type":"product","link":"https:\/\/www.mobile-well.com\/es\/producto\/carcasa-resistente-con-clip-para-cinturon-con-funcion-atril-y-ranura-de-sacar-tarjeta-para-iphone13promax\/","title":{"rendered":"Carcasa resistente con clip para cintur\u00f3n con funci\u00f3n atril y  ranura de sacar tarjeta Para iPhone13ProMax"},"content":{"rendered":"","protected":false},"excerpt":{"rendered":"<ul>\n<li>Material: TPU + PC<\/li>\n<li>MOQ: 10 piezas \/ modelo, 10 piezas \/ color<\/li>\n<li>Color: como imagen<\/li>\n<li>Modelo: Cont\u00e1ctenos r\u00e1pidamente para obtener el cat\u00e1logo.<\/li>\n<\/ul>\n","protected":false},"featured_media":58499,"template":"","meta":[],"product_brand":[],"product_cat":[77],"product_tag":[7150,7151,7152,7149,5900],"class_list":{"0":"post-58498","1":"product","2":"type-product","3":"status-publish","4":"has-post-thumbnail","6":"product_cat-fundas","7":"product_tag-carcasa-con-clip-para-cinturon","8":"product_tag-carcasa-con-funcion-atril","9":"product_tag-carcasa-con-ranura-de-sacar-tarjeta","10":"product_tag-carcasa-resistente","11":"product_tag-moq10","13":"first","14":"instock","15":"shipping-taxable","16":"product-type-simple"},"jetpack_sharing_enabled":true,"_links":{"self":[{"href":"https:\/\/www.mobile-well.com\/es\/wp-json\/wp\/v2\/product\/58498","targetHints":{"allow":["GET"]}}],"collection":[{"href":"https:\/\/www.mobile-well.com\/es\/wp-json\/wp\/v2\/product"}],"about":[{"href":"https:\/\/www.mobile-well.com\/es\/wp-json\/wp\/v2\/types\/product"}],"wp:featuredmedia":[{"embeddable":true,"href":"https:\/\/www.mobile-well.com\/es\/wp-json\/wp\/v2\/media\/58499"}],"wp:attachment":[{"href":"https:\/\/www.mobile-well.com\/es\/wp-json\/wp\/v2\/media?parent=58498"}],"wp:term":[{"taxonomy":"product_brand","embeddable":true,"href":"https:\/\/www.mobile-well.com\/es\/wp-json\/wp\/v2\/product_brand?post=58498"},{"taxonomy":"product_cat","embeddable":true,"href":"https:\/\/www.mobile-well.com\/es\/wp-json\/wp\/v2\/product_cat?post=58498"},{"taxonomy":"product_tag","embeddable":true,"href":"https:\/\/www.mobile-well.com\/es\/wp-json\/wp\/v2\/product_tag?post=58498"}],"curies":[{"name":"wp","href":"https:\/\/api.w.org\/{rel}","templated":true}]}}